{"id":8276,"date":"2021-03-04T14:39:19","date_gmt":"2021-03-04T13:39:19","guid":{"rendered":"https:\/\/www.tulave.sk\/about-us\/"},"modified":"2021-04-22T22:35:07","modified_gmt":"2021-04-22T20:35:07","slug":"about-us","status":"publish","type":"page","link":"https:\/\/www.tulave.sk\/en\/about-us\/","title":{"rendered":"About us"},"content":{"rendered":"<section class=\"l-section wpb_row height_small color_alternate with_img parallax_hor bgwidth_110\"><div class=\"l-section-img\" role=\"img\" data-img-width=\"2296\" data-img-height=\"700\" style=\"background-image: url(https:\/\/www.tulave.sk\/wp-content\/uploads\/2021\/01\/TAPETA_05.jpg);\"><\/div><div class=\"l-section-overlay\" style=\"background:rgba(255,255,255,0.8)\"><\/div><div class=\"l-section-h i-cf\"><div class=\"g-cols vc_row via_flex valign_middle type_default stacking_default\"><div class=\"vc_col-sm-12 wpb_column vc_column_container\"><div class=\"vc_column-inner\"><div class=\"wpb_wrapper\"><h1 class=\"w-post-elm post_title us_custom_95ebd667 has_text_color align_center entry-title color_link_inherit\">About us<\/h1><\/div><\/div><\/div><\/div><\/div><\/section><section class=\"l-section wpb_row height_auto color_primary type_sticky\"><div class=\"l-section-h i-cf\"><div class=\"g-cols vc_row via_flex valign_top type_default stacking_default\"><div class=\"vc_col-sm-12 wpb_column vc_column_container\"><div class=\"vc_column-inner\"><div class=\"wpb_wrapper\"><nav class=\"w-menu us_custom_eb849559 layout_hor style_blocks not_responsive us_menu_1\" style=\"--main-ver-indent:0.8em;--main-hor-indent:0.8em;--main-color:#ffffff;--main-hover-color:rgba(255,255,255,0.66);--main-active-color:rgba(255,255,255,0.66);\"><ul id=\"menu-menu-about-us\" class=\"menu\"><li id=\"menu-item-8478\" class=\"menu-item menu-item-type-custom menu-item-object-custom menu-item-8478\"><a href=\"https:\/\/www.tulave.sk\/en\/about-us\/#onas\">About us<\/a><\/li><li id=\"menu-item-8479\" class=\"menu-item menu-item-type-custom menu-item-object-custom menu-item-8479\"><a href=\"https:\/\/www.tulave.sk\/en\/about-us\/#poetika\">The Poetics of T\u00falav\u00e9 divadlo<\/a><\/li><li id=\"menu-item-8480\" class=\"menu-item menu-item-type-custom menu-item-object-custom menu-item-8480\"><a href=\"https:\/\/www.tulave.sk\/en\/about-us\/#archiv\">The Archive of plays<\/a><\/li><\/ul><\/nav><\/div><\/div><\/div><\/div><\/div><\/section><section class=\"l-section wpb_row height_auto\" id=\"onas\"><div class=\"l-section-h i-cf\"><div class=\"g-cols vc_row via_flex valign_top type_boxes stacking_default\"><div class=\"vc_col-sm-12 wpb_column vc_column_container\"><div class=\"vc_column-inner\"><div class=\"wpb_wrapper\"><div class=\"wpb_text_column\"><div class=\"wpb_wrapper\"><h2><strong>Abou us<\/strong><\/h2>\n<\/div><\/div><div class=\"w-separator size_large\"><\/div><div class=\"w-tabs layout_hor style_timeline switch_click has_scrolling\" style=\"--sections-title-size:1.2rem\"><div class=\"w-tabs-list items_5 align_justify\"><div class=\"w-tabs-list-h\"><button class=\"w-tabs-item active defined-active\" aria-controls=\"content-u807\" aria-expanded=\"true\"><span class=\"w-tabs-item-title\">1994<\/span><\/button><button class=\"w-tabs-item\" aria-controls=\"content-haf4\" aria-expanded=\"false\"><span class=\"w-tabs-item-title\">1997<\/span><\/button><button class=\"w-tabs-item\" aria-controls=\"content-rdc0\" aria-expanded=\"false\"><span class=\"w-tabs-item-title\">1999<\/span><\/button><button class=\"w-tabs-item\" aria-controls=\"content-ibdd\" aria-expanded=\"false\"><span class=\"w-tabs-item-title\">2001<\/span><\/button><button class=\"w-tabs-item\" aria-controls=\"content-q673\" aria-expanded=\"false\"><span class=\"w-tabs-item-title\">2021<\/span><\/button><\/div><\/div><div class=\"w-tabs-sections titles-align_none icon_chevron cpos_right\"><div class=\"w-tabs-section active has_text_color\" id=\"u807\" style=\"color:#333333;\"><button class=\"w-tabs-section-header active\" aria-controls=\"content-u807\" aria-expanded=\"true\"><div class=\"w-tabs-section-title\">1994<\/div><div class=\"w-tabs-section-control\"><\/div><\/button><div  class=\"w-tabs-section-content\" id=\"content-u807\"><div class=\"w-tabs-section-content-h i-cf\"><div class=\"g-cols wpb_row via_flex valign_top type_default stacking_default\"><div class=\"vc_col-sm-4 wpb_column vc_column_container\"><div class=\"vc_column-inner\"><div class=\"wpb_wrapper\"><div class=\"wpb_text_column\"><div class=\"wpb_wrapper\"><p style=\"text-align: justify;\">It all started in 1994 in Trnava in the former \u201cHouse of Czechoslovak &#8211; Soviet Friendship\u201c as the building was called at that time. Jakub Nvota and Kamil \u017di\u0161ka introduced The <em>Show in Dresscoat no. 4<\/em>. The <em>Student Theatre<\/em> was born.<\/p>\n<\/div><\/div><\/div><\/div><\/div><div class=\"vc_col-sm-4 wpb_column vc_column_container\"><div class=\"vc_column-inner\"><div class=\"wpb_wrapper\"><div class=\"wpb_text_column\"><div class=\"wpb_wrapper\"><p style=\"text-align: justify;\">The couple started to write plays and perform regularly. There was less time now for school and more for the theatre. More people joined in. The Theatre went on tour to Hlohovec and took part in festival in Topo\u013e\u010dany. The compulsory school leaving exam \u00a0for both.<\/p>\n<\/div><\/div><\/div><\/div><\/div><div class=\"vc_col-sm-4 wpb_column vc_column_container\"><div class=\"vc_column-inner\"><div class=\"wpb_wrapper\"><div class=\"wpb_text_column\"><div class=\"wpb_wrapper\"><p>In one year time the first legendary ensemble of <em>Trnavsk\u00e9 t\u00falav\u00e9 divadlo<\/em> has been formed: Kamil \u017di\u0161ka, Tom\u00e1\u0161 Ma\u0161tal\u00edr, Pavol Buocik, Katar\u00edna \u017ditniakov\u00e1, Monika Vy\u0161\u0148anov\u00e1 and Jakub Nvota.<\/p>\n<\/div><\/div><\/div><\/div><\/div><\/div><\/div><\/div><\/div><div class=\"w-tabs-section\" id=\"haf4\"><button class=\"w-tabs-section-header\" aria-controls=\"content-haf4\" aria-expanded=\"false\"><div class=\"w-tabs-section-title\">1997<\/div><div class=\"w-tabs-section-control\"><\/div><\/button><div  class=\"w-tabs-section-content\" id=\"content-haf4\"><div class=\"w-tabs-section-content-h i-cf\"><div class=\"wpb_text_column\"><div class=\"wpb_wrapper\"><p>In 1997 <em>Trnavsk\u00e9 t\u00falav\u00e9 divadlo<\/em> has accepted an offer from the professional Trnavsk\u00e9 divadlo to join in.<\/p>\n<\/div><\/div><\/div><\/div><\/div><div class=\"w-tabs-section\" id=\"rdc0\"><button class=\"w-tabs-section-header\" aria-controls=\"content-rdc0\" aria-expanded=\"false\"><div class=\"w-tabs-section-title\">1999<\/div><div class=\"w-tabs-section-control\"><\/div><\/button><div  class=\"w-tabs-section-content\" id=\"content-rdc0\"><div class=\"w-tabs-section-content-h i-cf\"><div class=\"wpb_text_column\"><div class=\"wpb_wrapper\"><p>In 1999 <em>T\u00falav\u00e9 divadlo<\/em> walks out from this contract and starts to wander around the world.<\/p>\n<\/div><\/div><\/div><\/div><\/div><div class=\"w-tabs-section\" id=\"ibdd\"><button class=\"w-tabs-section-header\" aria-controls=\"content-ibdd\" aria-expanded=\"false\"><div class=\"w-tabs-section-title\">2001<\/div><div class=\"w-tabs-section-control\"><\/div><\/button><div  class=\"w-tabs-section-content\" id=\"content-ibdd\"><div class=\"w-tabs-section-content-h i-cf\"><div class=\"g-cols wpb_row via_flex valign_top type_default stacking_default\"><div class=\"vc_col-sm-4 wpb_column vc_column_container\"><div class=\"vc_column-inner\"><div class=\"wpb_wrapper\"><div class=\"wpb_text_column\"><div class=\"wpb_wrapper\"><p>In 2001 Jakub Nvota graduates and together with colleagues from the studies they produce their first street performance <em>Hamlet or the Recognition of a Skull<\/em>. Together with cabarets this is the new beginning of T\u00falav\u00e9 divadlo.<\/p>\n<\/div><\/div><\/div><\/div><\/div><div class=\"vc_col-sm-4 wpb_column vc_column_container\"><div class=\"vc_column-inner\"><div class=\"wpb_wrapper\"><div class=\"wpb_text_column\"><div class=\"wpb_wrapper\"><p>The members of the group at that time were: Lucia Hurajov\u00e1, Kamil Mikul\u010d\u00edk, Gabika B\u00edrov\u00e1, \u0160tefan Richt\u00e1rech, Martin M\u0148ahon\u010d\u00e1k, Pavol Buocik, Mari\u00e1n Turza, Peter Cagala, Daniel Heriban, Kamil \u017di\u0161ka and Jakub Nvota.<\/p>\n<\/div><\/div><\/div><\/div><\/div><div class=\"vc_col-sm-4 wpb_column vc_column_container\"><div class=\"vc_column-inner\"><div class=\"wpb_wrapper\"><div class=\"wpb_text_column\"><div class=\"wpb_wrapper\"><p>From that time the ensemble played regularly in <em>V \u2013 club<\/em>, <em>House of Culture in Trnava<\/em> later in \u00a0<em>Bratislava Puppet Theatre<\/em> and from 2007 in the Theatre below the Deck.<\/p>\n<\/div><\/div><\/div><\/div><\/div><\/div><\/div><\/div><\/div><div class=\"w-tabs-section\" id=\"q673\"><button class=\"w-tabs-section-header\" aria-controls=\"content-q673\" aria-expanded=\"false\"><div class=\"w-tabs-section-title\">2021<\/div><div class=\"w-tabs-section-control\"><\/div><\/button><div  class=\"w-tabs-section-content\" id=\"content-q673\"><div class=\"w-tabs-section-content-h i-cf\"><div class=\"g-cols wpb_row via_flex valign_top type_default stacking_default\"><div class=\"vc_col-sm-6 wpb_column vc_column_container\"><div class=\"vc_column-inner\"><div class=\"wpb_wrapper\"><div class=\"wpb_text_column\"><div class=\"wpb_wrapper\"><p>At present time the theatre has its new home in\u00a0<em>Studio A2 \u2013 the New County Theatre<\/em>. <em>T\u00falav\u00e9 divadlo<\/em> introduces regularly improvised evenings <em>TRTUD<\/em> and also its own original projects based on humour, cabaret and street theatre. These projects are unique in their poetics and in their view of life.<\/p>\n<p>&nbsp;<\/p>\n<\/div><\/div><\/div><\/div><\/div><div class=\"vc_col-sm-6 wpb_column vc_column_container\"><div class=\"vc_column-inner\"><div class=\"wpb_wrapper\"><div class=\"wpb_text_column\"><div class=\"wpb_wrapper\"><p>So far \/2021\/ the ensemble has played 1200 performances, it has introduced 20 mostly original titles, has taken part in many festivals home and abroad and has collected many awards.<\/p>\n<\/div><\/div><\/div><\/div><\/div><\/div><\/div><\/div><\/div><\/div><\/div><\/div><\/div><\/div><\/div><\/div><\/section><section class=\"l-section wpb_row height_auto\" id=\"poetika\"><div class=\"l-section-h i-cf\"><div class=\"g-cols vc_row via_flex valign_middle type_boxes stacking_default\"><div class=\"vc_col-sm-12 wpb_column vc_column_container us_animate_afl\"><div class=\"vc_column-inner\"><div class=\"wpb_wrapper\"><div class=\"wpb_text_column\"><div class=\"wpb_wrapper\"><h2><strong>The Poetics of T\u00falav\u00e9 divadlo<\/strong><\/h2>\n<\/div><\/div><div class=\"w-separator size_medium\"><\/div><div class=\"g-cols wpb_row via_flex valign_top type_default stacking_default\"><div class=\"vc_col-sm-6 wpb_column vc_column_container\"><div class=\"vc_column-inner\"><div class=\"wpb_wrapper\"><div class=\"wpb_text_column\"><div class=\"wpb_wrapper\"><p style=\"text-align: justify;\">T\u00falav\u00e9 divadlo was born originally from the Student theatre created by Jakub Nvota and Kamil \u017di\u0161ka in Trnava. The two students inspired by \u201esmall form\u201c theaters such as Semafor, L+S and Rado\u0161insk\u00e9 naivn\u00e9 divadlo have decided to write their own original drama texts. They started to perform cabarets with original dialogues and songs. At the beginning there were only two actors playing-themselves. Later other actors joined the new theatre. Jakub Nvota and Kamil \u017di\u0161ka started to write plays that were specific in the dramatic form and also in the philosophical concept. The idea was to grope and persist with humour life situations that are seemingly hopeless. This grotesque vision of the world brings eruptive and releasing laughter to the spectator. Because it is not the the spectator who has the problem. This aestetic is the origin and the base of T\u00falav\u00e9 divadlo.<\/p>\n<\/div><\/div><\/div><\/div><\/div><div class=\"vc_col-sm-6 wpb_column vc_column_container\"><div class=\"vc_column-inner\"><div class=\"wpb_wrapper\"><div class=\"wpb_text_column\"><div class=\"wpb_wrapper\"><p style=\"text-align: justify;\">T\u00falav\u00e9 divadlo was born in 2001 after Jakub Nvota has graduated at The Academy of Performing Arts in Bratislava. He and Kamil \u017di\u0161ka who also graduated at this Academy were joined by their colleagues from the studies.From cabarets T\u00falav\u00e9 divadlo moved on to the street theatre. The basic repertoire were Shakespear\u00b4s tragedies. By using the dramatic principle of \u201ethe theatre in the theatre\u201c and playing actually on the street, the tragedies were transformed into comedies. The intention was not to seek just the amusement but to bring deep and existencial view on Shakespeare on the street and with only the minimum means. T\u00falav\u00e9 divadlo has found \u00a0its home in The Theatre below the Deck \/Divadlo v podpalub\u00ed\/ in Bratislava for eleven joyful seasons. The poetics of T\u00falav\u00e9 divadlo is kind and warm-hearted because it brings hope but it is also cruel sometimes as it is often targeted on itself. The author and the actors know well that to make fun of oneself means to get rid of fear. What more can we do for our lives?<\/p>\n<\/div><\/div><\/div><\/div><\/div><\/div><\/div><\/div><\/div><\/div><\/div><\/section><section class=\"l-section wpb_row height_auto\" id=\"archiv\"><div class=\"l-section-h i-cf\"><div class=\"g-cols vc_row via_flex valign_middle type_default stacking_default\"><div class=\"vc_col-sm-12 wpb_column vc_column_container us_animate_afl\"><div class=\"vc_column-inner\"><div class=\"wpb_wrapper\"><div class=\"g-cols wpb_row via_flex valign_top type_boxes stacking_default\"><div class=\"vc_col-sm-12 wpb_column vc_column_container\"><div class=\"vc_column-inner\"><div class=\"wpb_wrapper\"><div class=\"wpb_text_column\"><div class=\"wpb_wrapper\"><h2><strong>The Archive of plays<\/strong><\/h2>\n<\/div><\/div><\/div><\/div><\/div><\/div><div class=\"w-tabs layout_hor style_trendy switch_click has_scrolling\" style=\"--sections-title-size:1.2rem\"><div class=\"w-tabs-list items_3 align_justify\"><div class=\"w-tabs-list-h\"><button class=\"w-tabs-item active defined-active\" aria-controls=\"content-hbc7\" aria-expanded=\"true\"><span class=\"w-tabs-item-title\">T\u00falav\u00e9 divadlo<\/span><\/button><button class=\"w-tabs-item\" aria-controls=\"content-ge60\" aria-expanded=\"false\"><span class=\"w-tabs-item-title\">Cabarets Nvota &#8211; \u017di\u0161ka<\/span><\/button><button class=\"w-tabs-item\" aria-controls=\"content-n159\" aria-expanded=\"false\"><span class=\"w-tabs-item-title\">Drama plays<\/span><\/button><\/div><\/div><div class=\"w-tabs-sections titles-align_none icon_chevron cpos_right\"><div class=\"w-tabs-section active has_text_color\" id=\"hbc7\" style=\"color:#333333;\"><button class=\"w-tabs-section-header active\" aria-controls=\"content-hbc7\" aria-expanded=\"true\"><div class=\"w-tabs-section-title\">T\u00falav\u00e9 divadlo<\/div><div class=\"w-tabs-section-control\"><\/div><\/button><div  class=\"w-tabs-section-content\" id=\"content-hbc7\"><div class=\"w-tabs-section-content-h i-cf\"><div class=\"g-cols wpb_row via_flex valign_top type_boxes stacking_default\"><div class=\"vc_col-sm-6 wpb_column vc_column_container\"><div class=\"vc_column-inner\"><div class=\"wpb_wrapper\"><div class=\"wpb_text_column\"><div class=\"wpb_wrapper\"><p>2020\u00a0 J. Nvota:<a href=\"https:\/\/www.tulave.sk\/en\/plagues-and-disgusts\/\" target=\"_blank\" rel=\"noopener noreferrer\"> Plagues and Disgusts<\/a><br \/>\n2019\u00a0 \u00a0J. Nvota \u2013 K. \u017di\u0161ka: <a href=\"https:\/\/www.tulave.sk\/en\/fourth-third\/\" target=\"_blank\" rel=\"noopener noreferrer\">The Fourth Third<\/a><br \/>\n2019\u00a0 \u00a0J. Nvota \u2013 K. \u017di\u0161ka: <a href=\"https:\/\/www.tulave.sk\/en\/don-quijote\/\" target=\"_blank\" rel=\"noopener noreferrer\">Don Quijote<\/a><br \/>\n2019\u00a0 \u00a0J. Nvota: <a href=\"https:\/\/www.tulave.sk\/en\/one-more-miracle\/\" target=\"_blank\" rel=\"noopener noreferrer\">One More Miracle<\/a><br \/>\n2017\u00a0 \u00a0J. Nvota: <a href=\"https:\/\/www.tulave.sk\/en\/midsummer-night-nonsense\/\" target=\"_blank\" rel=\"noopener noreferrer\">The Midsummer\u00b4s Night Nonsense<\/a><br \/>\n2017\u00a0 \u00a0J. Nvota \u2013 K. \u017di\u0161ka: Cabaret after Delay<br \/>\n2014\u00a0 \u00a0J. Nvota: <a href=\"https:\/\/www.tulave.sk\/en\/the-exam-from-the-compulsory-literature\/\" target=\"_blank\" rel=\"noopener noreferrer\">The Exam from the Compulsory Literature<\/a><br \/>\n2014\u00a0 \u00a0J. Nvota \u2013 Dole\u017eelov\u00e1 \u2013 Vencl: One for All<br \/>\n2014\u00a0 \u00a0J. Nvota: The Fool\u00b4s Cap<br \/>\n2013\u00a0 \u00a0F. M. Dostojevskij: Cafe Dostoyevski<br \/>\n2012\u00a0 \u00a0J. Nvota \u2013 K. \u017di\u0161ka: In vino&#8230; (new version)<\/p>\n<\/div><\/div><\/div><\/div><\/div><div class=\"vc_col-sm-6 wpb_column vc_column_container\"><div class=\"vc_column-inner\"><div class=\"wpb_wrapper\"><div class=\"wpb_text_column\"><div class=\"wpb_wrapper\"><p>2011\u00a0 \u00a0 J. Nvota: <a href=\"https:\/\/www.tulave.sk\/en\/cyrano-of-the-farce-about-the-nose\/\" target=\"_blank\" rel=\"noopener noreferrer\">Cyrano or the Farce about Nose<\/a><br \/>\n2010\u00a0 \u00a0J. Nvota: Cabaret of the Unwakened<br \/>\n2006\u00a0 \u00a0J. Nvota: Jo\u017eko P\u00fa\u010dik and&#8230;<br \/>\n2005\u00a0 \u00a0J.Nvota \u2013 \u017di\u0161ka:Piano revue (remake 2010)<br \/>\n2004\u00a0 \u00a0P. Kohout: The Journey around the World in 80 Days<br \/>\n2003\u00a0 \u00a0Suchovo \u2013 Kobylin: The Death of Tarelkin<br \/>\n2003\u00a0 \u00a0L. Andrejev: Savva<br \/>\n2002\u00a0 \u00a0W. Allen: The God<br \/>\n2002\u00a0 \u00a0J. Nvota: Macbeth or Too Much Blood for Nothnig<br \/>\n2001\u00a0 \u00a0J. Nvota: <a href=\"https:\/\/www.tulave.sk\/en\/hamlet-or-the-recognition-of-a-skull\/\" target=\"_blank\" rel=\"noopener noreferrer\">Hamlet or The Recognition of a Skull<\/a><\/p>\n<\/div><\/div><\/div><\/div><\/div><\/div><\/div><\/div><\/div><div class=\"w-tabs-section\" id=\"ge60\"><button class=\"w-tabs-section-header\" aria-controls=\"content-ge60\" aria-expanded=\"false\"><div class=\"w-tabs-section-title\">Cabarets Nvota &#8211; \u017di\u0161ka<\/div><div class=\"w-tabs-section-control\"><\/div><\/button><div  class=\"w-tabs-section-content\" id=\"content-ge60\"><div class=\"w-tabs-section-content-h i-cf\"><div class=\"wpb_text_column\"><div class=\"wpb_wrapper\"><p>2007\u00a0 \u00a0Tom\u00e1\u0161 Janovic 70<br \/>\n2003\u00a0 \u00a0Opus Oidipus<br \/>\n2002\u00a0 One Black, One White Dog<br \/>\n2001 \u2013 2002 The collection of cabarets by Nvota and\u00a0\u017di\u0161ka \u201eThe Night on the Open hand part 1 \u2013 3\u201c \u00a0(Studio L+S)<br \/>\n1994 \u2013 2000 The collection of cabarets by Nvota and\u00a0\u017di\u0161ka \u201eThe Show in the Dresscoat part 1 \u2013 12\u201c<\/p>\n<\/div><\/div><\/div><\/div><\/div><div class=\"w-tabs-section\" id=\"n159\"><button class=\"w-tabs-section-header\" aria-controls=\"content-n159\" aria-expanded=\"false\"><div class=\"w-tabs-section-title\">Drama plays<\/div><div class=\"w-tabs-section-control\"><\/div><\/button><div  class=\"w-tabs-section-content\" id=\"content-n159\"><div class=\"w-tabs-section-content-h i-cf\"><div class=\"wpb_text_column\"><div class=\"wpb_wrapper\"><p>2000\u00a0 V. Nezval \u2013 J. Nvota: Sophie (Trnavsk\u00e9 t\u00falav\u00e9 divadlo)<br \/>\n1999\u00a0 H. Grabbe: The Joke, Satire, Irony and Deeper Meaning \u00a0(Trnavsk\u00e9 t\u00falav\u00e9 divadlo)<br \/>\n1999\u00a0 J. Nvota: The Carving of Fools (Trnavsk\u00e9 t\u00falav\u00e9 divadlo)<br \/>\n1999\u00a0 Beaumarchais: Figaro\u00a0 (Trnavsk\u00e9 t\u00falav\u00e9 divadlo)<br \/>\n1998\u00a0 Suchovo \u2013 Kobylin: The Death of Tarelkin (Trnavsk\u00e9 t\u00falav\u00e9 divadlo)<br \/>\n1997\u00a0 Nvota \u2013 \u017di\u0161ka: In vino&#8230; (Trnavsk\u00e9 t\u00falav\u00e9 divadlo)<br \/>\n1997 J. Nvota: The Fires of Saint Florian (Trnavsk\u00e9 t\u00falav\u00e9 divadlo)<br \/>\n1997 J. Nvota: The Secret Lives behind the Chimney (Trnavsk\u00e9 t\u00falav\u00e9 divadlo)<br \/>\n1996 J. Nvota: Don and\u00a0Don (\u0160tudentsk\u00e9 divadlo)<br \/>\n1995 K. \u017di\u0161ka: Kobodozolo (\u0160tudentsk\u00e9 divadlo)<br \/>\n1994 T. Wiliams: A\u00a0House for Demolition (\u0160tudentsk\u00e9 divadlo)<\/p>\n<\/div><\/div><\/div><\/div><\/div><\/div><\/div><\/div><\/div><\/div><\/div><\/div><\/section>\n","protected":false},"excerpt":{"rendered":"About usAbout usThe Poetics of T\u00falav\u00e9 divadloThe Archive of plays Abou us 199419971999200120211994 It all started in 1994 in Trnava in the former \u201cHouse of Czechoslovak &#8211; Soviet Friendship\u201c as the building was called at that time. Jakub Nvota and Kamil \u017di\u0161ka introduced The Show in Dresscoat no. 4. The Student Theatre was born. The...","protected":false},"author":1,"featured_media":0,"parent":0,"menu_order":0,"comment_status":"closed","ping_status":"closed","template":"","meta":{"_acf_changed":false,"footnotes":""},"class_list":["post-8276","page","type-page","status-publish","hentry"],"acf":[],"yoast_head":"<!-- This site is optimized with the Yoast SEO plugin v25.2 - https:\/\/yoast.com\/wordpress\/plugins\/seo\/ -->\n<title>About us - T\u00falav\u00e9 divadlo<\/title>\n<meta name=\"robots\" content=\"index, follow, max-snippet:-1, max-image-preview:large, max-video-preview:-1\" \/>\n<link rel=\"canonical\" href=\"https:\/\/www.tulave.sk\/en\/about-us\/\" \/>\n<meta property=\"og:locale\" content=\"en_US\" \/>\n<meta property=\"og:type\" content=\"article\" \/>\n<meta property=\"og:title\" content=\"About us - T\u00falav\u00e9 divadlo\" \/>\n<meta property=\"og:url\" content=\"https:\/\/www.tulave.sk\/en\/about-us\/\" \/>\n<meta property=\"og:site_name\" content=\"T\u00falav\u00e9 divadlo\" \/>\n<meta property=\"article:modified_time\" content=\"2021-04-22T20:35:07+00:00\" \/>\n<meta name=\"twitter:card\" content=\"summary_large_image\" \/>\n<meta name=\"twitter:label1\" content=\"Est. reading time\" \/>\n\t<meta name=\"twitter:data1\" content=\"8 minutes\" \/>\n<script type=\"application\/ld+json\" class=\"yoast-schema-graph\">{\"@context\":\"https:\/\/schema.org\",\"@graph\":[{\"@type\":\"WebPage\",\"@id\":\"https:\/\/www.tulave.sk\/en\/about-us\/\",\"url\":\"https:\/\/www.tulave.sk\/en\/about-us\/\",\"name\":\"About us - T\u00falav\u00e9 divadlo\",\"isPartOf\":{\"@id\":\"https:\/\/www.tulave.sk\/en\/#website\"},\"datePublished\":\"2021-03-04T13:39:19+00:00\",\"dateModified\":\"2021-04-22T20:35:07+00:00\",\"breadcrumb\":{\"@id\":\"https:\/\/www.tulave.sk\/en\/about-us\/#breadcrumb\"},\"inLanguage\":\"en-US\",\"potentialAction\":[{\"@type\":\"ReadAction\",\"target\":[\"https:\/\/www.tulave.sk\/en\/about-us\/\"]}]},{\"@type\":\"BreadcrumbList\",\"@id\":\"https:\/\/www.tulave.sk\/en\/about-us\/#breadcrumb\",\"itemListElement\":[{\"@type\":\"ListItem\",\"position\":1,\"name\":\"Home\",\"item\":\"https:\/\/www.tulave.sk\/en\/\"},{\"@type\":\"ListItem\",\"position\":2,\"name\":\"About us\"}]},{\"@type\":\"WebSite\",\"@id\":\"https:\/\/www.tulave.sk\/en\/#website\",\"url\":\"https:\/\/www.tulave.sk\/en\/\",\"name\":\"T\u00falav\u00e9 divadlo\",\"description\":\"str\u00e1nka nez\u00e1visl\u00e9ho divadla\",\"potentialAction\":[{\"@type\":\"SearchAction\",\"target\":{\"@type\":\"EntryPoint\",\"urlTemplate\":\"https:\/\/www.tulave.sk\/en\/?s={search_term_string}\"},\"query-input\":{\"@type\":\"PropertyValueSpecification\",\"valueRequired\":true,\"valueName\":\"search_term_string\"}}],\"inLanguage\":\"en-US\"}]}<\/script>\n<!-- \/ Yoast SEO plugin. -->","yoast_head_json":{"title":"About us - T\u00falav\u00e9 divadlo","robots":{"index":"index","follow":"follow","max-snippet":"max-snippet:-1","max-image-preview":"max-image-preview:large","max-video-preview":"max-video-preview:-1"},"canonical":"https:\/\/www.tulave.sk\/en\/about-us\/","og_locale":"en_US","og_type":"article","og_title":"About us - T\u00falav\u00e9 divadlo","og_url":"https:\/\/www.tulave.sk\/en\/about-us\/","og_site_name":"T\u00falav\u00e9 divadlo","article_modified_time":"2021-04-22T20:35:07+00:00","twitter_card":"summary_large_image","twitter_misc":{"Est. reading time":"8 minutes"},"schema":{"@context":"https:\/\/schema.org","@graph":[{"@type":"WebPage","@id":"https:\/\/www.tulave.sk\/en\/about-us\/","url":"https:\/\/www.tulave.sk\/en\/about-us\/","name":"About us - T\u00falav\u00e9 divadlo","isPartOf":{"@id":"https:\/\/www.tulave.sk\/en\/#website"},"datePublished":"2021-03-04T13:39:19+00:00","dateModified":"2021-04-22T20:35:07+00:00","breadcrumb":{"@id":"https:\/\/www.tulave.sk\/en\/about-us\/#breadcrumb"},"inLanguage":"en-US","potentialAction":[{"@type":"ReadAction","target":["https:\/\/www.tulave.sk\/en\/about-us\/"]}]},{"@type":"BreadcrumbList","@id":"https:\/\/www.tulave.sk\/en\/about-us\/#breadcrumb","itemListElement":[{"@type":"ListItem","position":1,"name":"Home","item":"https:\/\/www.tulave.sk\/en\/"},{"@type":"ListItem","position":2,"name":"About us"}]},{"@type":"WebSite","@id":"https:\/\/www.tulave.sk\/en\/#website","url":"https:\/\/www.tulave.sk\/en\/","name":"T\u00falav\u00e9 divadlo","description":"str\u00e1nka nez\u00e1visl\u00e9ho divadla","potentialAction":[{"@type":"SearchAction","target":{"@type":"EntryPoint","urlTemplate":"https:\/\/www.tulave.sk\/en\/?s={search_term_string}"},"query-input":{"@type":"PropertyValueSpecification","valueRequired":true,"valueName":"search_term_string"}}],"inLanguage":"en-US"}]}},"_links":{"self":[{"href":"https:\/\/www.tulave.sk\/en\/wp-json\/wp\/v2\/pages\/8276","targetHints":{"allow":["GET"]}}],"collection":[{"href":"https:\/\/www.tulave.sk\/en\/wp-json\/wp\/v2\/pages"}],"about":[{"href":"https:\/\/www.tulave.sk\/en\/wp-json\/wp\/v2\/types\/page"}],"author":[{"embeddable":true,"href":"https:\/\/www.tulave.sk\/en\/wp-json\/wp\/v2\/users\/1"}],"replies":[{"embeddable":true,"href":"https:\/\/www.tulave.sk\/en\/wp-json\/wp\/v2\/comments?post=8276"}],"version-history":[{"count":16,"href":"https:\/\/www.tulave.sk\/en\/wp-json\/wp\/v2\/pages\/8276\/revisions"}],"predecessor-version":[{"id":8481,"href":"https:\/\/www.tulave.sk\/en\/wp-json\/wp\/v2\/pages\/8276\/revisions\/8481"}],"wp:attachment":[{"href":"https:\/\/www.tulave.sk\/en\/wp-json\/wp\/v2\/media?parent=8276"}],"curies":[{"name":"wp","href":"https:\/\/api.w.org\/{rel}","templated":true}]}}