{"id":8282,"date":"2021-03-04T14:58:40","date_gmt":"2021-03-04T13:58:40","guid":{"rendered":"https:\/\/www.tulave.sk\/the-members\/"},"modified":"2021-04-22T20:40:34","modified_gmt":"2021-04-22T18:40:34","slug":"the-members","status":"publish","type":"page","link":"https:\/\/www.tulave.sk\/en\/the-members\/","title":{"rendered":"Members"},"content":{"rendered":"<section class=\"l-section wpb_row height_small color_alternate with_img parallax_hor bgwidth_110\"><div class=\"l-section-img\" role=\"img\" data-img-width=\"2296\" data-img-height=\"700\" style=\"background-image: url(https:\/\/www.tulave.sk\/wp-content\/uploads\/2021\/01\/TAPETA_05.jpg);\"><\/div><div class=\"l-section-overlay\" style=\"background:rgba(255,255,255,0.8)\"><\/div><div class=\"l-section-h i-cf\"><div class=\"g-cols vc_row via_flex valign_middle type_default stacking_default\"><div class=\"vc_col-sm-12 wpb_column vc_column_container\"><div class=\"vc_column-inner\"><div class=\"wpb_wrapper\"><h1 class=\"w-post-elm post_title us_custom_95ebd667 has_text_color align_center entry-title color_link_inherit\">Members<\/h1><\/div><\/div><\/div><\/div><\/div><\/section><section class=\"l-section wpb_row us_custom_5c0dde35 height_auto color_primary type_sticky\"><div class=\"l-section-h i-cf\"><div class=\"g-cols vc_row via_flex valign_top type_default stacking_default\"><div class=\"vc_col-sm-12 wpb_column vc_column_container\"><div class=\"vc_column-inner\"><div class=\"wpb_wrapper\"><\/div><\/div><\/div><\/div><\/div><\/section><section class=\"l-section wpb_row height_custom\"><div class=\"l-section-h i-cf\"><div class=\"g-cols vc_row via_flex valign_top type_default stacking_default\"><div class=\"vc_col-sm-12 wpb_column vc_column_container\"><div class=\"vc_column-inner\"><div class=\"wpb_wrapper\"><div class=\"g-cols wpb_row via_flex valign_top type_default stacking_default\"><div class=\"vc_col-sm-4 wpb_column vc_column_container\"><div class=\"vc_column-inner\"><div class=\"wpb_wrapper\"><div class=\"w-person us_custom_df5f4c97 has_text_color layout_simple\" itemscope itemtype=\"https:\/\/schema.org\/Person\"><div class=\"w-person-image\"><a title=\"Pavol Buocik\" href=\"https:\/\/www.tulave.sk\/en\/pavol_buocik\/\" class=\"w-person-link\" aria-label=\"Pavol Buocik\"><img loading=\"lazy\" decoding=\"async\" width=\"683\" height=\"1024\" src=\"https:\/\/www.tulave.sk\/wp-content\/uploads\/2021\/02\/DSC_0130-Edit-Edit.jpg\" class=\"attachment-full size-full\" alt=\"Pavol_Buocik\" itemprop=\"image\" srcset=\"https:\/\/www.tulave.sk\/wp-content\/uploads\/2021\/02\/DSC_0130-Edit-Edit.jpg 683w, https:\/\/www.tulave.sk\/wp-content\/uploads\/2021\/02\/DSC_0130-Edit-Edit-200x300.jpg 200w\" sizes=\"auto, (max-width: 683px) 100vw, 683px\" \/><div class=\"img_hover\" style=\"background-image:url(https:\/\/www.tulave.sk\/wp-content\/uploads\/2021\/02\/DSC_0075-Edit-Edit.jpg)\"><\/div><\/a><\/div><div class=\"w-person-content\"><h4 itemprop=\"name\" class=\"w-person-name\"><a title=\"Pavol Buocik\" href=\"https:\/\/www.tulave.sk\/en\/pavol_buocik\/\" class=\"w-person-link\" aria-label=\"Pavol Buocik\"><span>Pavol Buocik<\/span><\/a><\/h4><\/div><\/div><div class=\"w-person layout_simple\" itemscope itemtype=\"https:\/\/schema.org\/Person\"><div class=\"w-person-image\"><a title=\"Lucia Hurajov\u00e1\" href=\"https:\/\/www.tulave.sk\/en\/lucia-hurajova\/\" class=\"w-person-link\" aria-label=\"Lucia Hurajov\u00e1\"><img loading=\"lazy\" decoding=\"async\" width=\"683\" height=\"1024\" src=\"https:\/\/www.tulave.sk\/wp-content\/uploads\/2021\/02\/DSC_0544-Edit-Edit.jpg\" class=\"attachment-full size-full\" alt=\"Lucia _Hurajov\u00e1\" itemprop=\"image\" srcset=\"https:\/\/www.tulave.sk\/wp-content\/uploads\/2021\/02\/DSC_0544-Edit-Edit.jpg 683w, https:\/\/www.tulave.sk\/wp-content\/uploads\/2021\/02\/DSC_0544-Edit-Edit-200x300.jpg 200w\" sizes=\"auto, (max-width: 683px) 100vw, 683px\" \/><div class=\"img_hover\" style=\"background-image:url(https:\/\/www.tulave.sk\/wp-content\/uploads\/2021\/02\/DSC_0554-Edit-Edit.jpg)\"><\/div><\/a><\/div><div class=\"w-person-content\"><h4 itemprop=\"name\" class=\"w-person-name\"><a title=\"Lucia Hurajov\u00e1\" href=\"https:\/\/www.tulave.sk\/en\/lucia-hurajova\/\" class=\"w-person-link\" aria-label=\"Lucia Hurajov\u00e1\"><span>Lucia Hurajov\u00e1<\/span><\/a><\/h4><\/div><\/div><div class=\"w-person us_custom_df5f4c97 has_text_color layout_simple\" itemscope itemtype=\"https:\/\/schema.org\/Person\"><div class=\"w-person-image\"><a title=\"Kamil Mikul\u010d\u00edk\" href=\"https:\/\/www.tulave.sk\/en\/kamil-mikulcik\/\" class=\"w-person-link\" aria-label=\"Kamil Mikul\u010d\u00edk\"><img loading=\"lazy\" decoding=\"async\" width=\"682\" height=\"1024\" src=\"https:\/\/www.tulave.sk\/wp-content\/uploads\/2021\/02\/DSC_0429-Edit-Edit.jpg\" class=\"attachment-full size-full\" alt=\"Kamil_Mikul\u010d\u00edk\" itemprop=\"image\" srcset=\"https:\/\/www.tulave.sk\/wp-content\/uploads\/2021\/02\/DSC_0429-Edit-Edit.jpg 682w, https:\/\/www.tulave.sk\/wp-content\/uploads\/2021\/02\/DSC_0429-Edit-Edit-200x300.jpg 200w\" sizes=\"auto, (max-width: 682px) 100vw, 682px\" \/><div class=\"img_hover\" style=\"background-image:url(https:\/\/www.tulave.sk\/wp-content\/uploads\/2021\/02\/DSC_0390-Edit-Edit.jpg)\"><\/div><\/a><\/div><div class=\"w-person-content\"><h4 itemprop=\"name\" class=\"w-person-name\"><a title=\"Kamil Mikul\u010d\u00edk\" href=\"https:\/\/www.tulave.sk\/en\/kamil-mikulcik\/\" class=\"w-person-link\" aria-label=\"Kamil Mikul\u010d\u00edk\"><span>Kamil Mikul\u010d\u00edk<\/span><\/a><\/h4><\/div><\/div><div class=\"w-person layout_simple\" itemscope itemtype=\"https:\/\/schema.org\/Person\"><div class=\"w-person-image\"><a title=\"\u0160tefan Richt\u00e1rech\" href=\"https:\/\/www.tulave.sk\/en\/stefan-richtarech\/\" class=\"w-person-link\" aria-label=\"\u0160tefan Richt\u00e1rech\"><img loading=\"lazy\" decoding=\"async\" width=\"682\" height=\"1024\" src=\"https:\/\/www.tulave.sk\/wp-content\/uploads\/2021\/02\/DSC_9597-Edit-Edit.jpg\" class=\"attachment-full size-full\" alt=\"\u0160tefan_Richt\u00e1rech\" itemprop=\"image\" srcset=\"https:\/\/www.tulave.sk\/wp-content\/uploads\/2021\/02\/DSC_9597-Edit-Edit.jpg 682w, https:\/\/www.tulave.sk\/wp-content\/uploads\/2021\/02\/DSC_9597-Edit-Edit-200x300.jpg 200w\" sizes=\"auto, (max-width: 682px) 100vw, 682px\" \/><div class=\"img_hover\" style=\"background-image:url(https:\/\/www.tulave.sk\/wp-content\/uploads\/2021\/02\/DSC_9565-Edit-Edit.jpg)\"><\/div><\/a><\/div><div class=\"w-person-content\"><h4 itemprop=\"name\" class=\"w-person-name\"><a title=\"\u0160tefan Richt\u00e1rech\" href=\"https:\/\/www.tulave.sk\/en\/stefan-richtarech\/\" class=\"w-person-link\" aria-label=\"\u0160tefan Richt\u00e1rech\"><span>\u0160tefan Richt\u00e1rech<\/span><\/a><\/h4><\/div><\/div><div class=\"w-person layout_simple\" itemscope itemtype=\"https:\/\/schema.org\/Person\"><div class=\"w-person-image\"><a title=\"Kamil \u017di\u0161ka\" href=\"https:\/\/www.tulave.sk\/en\/kamil-ziska\/\" class=\"w-person-link\" aria-label=\"Kamil \u017di\u0161ka\"><img loading=\"lazy\" decoding=\"async\" width=\"683\" height=\"1024\" src=\"https:\/\/www.tulave.sk\/wp-content\/uploads\/2021\/02\/DSC_0345-Edit-Edit.jpg\" class=\"attachment-full size-full\" alt=\"Kamil_\u017di\u0161ka\" itemprop=\"image\" srcset=\"https:\/\/www.tulave.sk\/wp-content\/uploads\/2021\/02\/DSC_0345-Edit-Edit.jpg 683w, https:\/\/www.tulave.sk\/wp-content\/uploads\/2021\/02\/DSC_0345-Edit-Edit-200x300.jpg 200w\" sizes=\"auto, (max-width: 683px) 100vw, 683px\" \/><div class=\"img_hover\" style=\"background-image:url(https:\/\/www.tulave.sk\/wp-content\/uploads\/2021\/02\/DSC_0297-Edit-Edit.jpg)\"><\/div><\/a><\/div><div class=\"w-person-content\"><h4 itemprop=\"name\" class=\"w-person-name\"><a title=\"Kamil \u017di\u0161ka\" href=\"https:\/\/www.tulave.sk\/en\/kamil-ziska\/\" class=\"w-person-link\" aria-label=\"Kamil \u017di\u0161ka\"><span>Kamil \u017di\u0161ka<\/span><\/a><\/h4><\/div><\/div><\/div><\/div><\/div><div class=\"vc_col-sm-4 wpb_column vc_column_container\"><div class=\"vc_column-inner\"><div class=\"wpb_wrapper\"><div class=\"w-person us_custom_8268df48 has_text_color layout_simple\" itemscope itemtype=\"https:\/\/schema.org\/Person\"><div class=\"w-person-image\"><a title=\"Anna \u010conkov\u00e1\" href=\"https:\/\/www.tulave.sk\/en\/anna-conkova\/\" class=\"w-person-link\" aria-label=\"Anna \u010conkov\u00e1\"><img loading=\"lazy\" decoding=\"async\" width=\"683\" height=\"1024\" src=\"https:\/\/www.tulave.sk\/wp-content\/uploads\/2021\/02\/DSC_0277-Edit-Edit.jpg\" class=\"attachment-full size-full\" alt=\"Anna_\u010conkov\u00e1\" itemprop=\"image\" srcset=\"https:\/\/www.tulave.sk\/wp-content\/uploads\/2021\/02\/DSC_0277-Edit-Edit.jpg 683w, https:\/\/www.tulave.sk\/wp-content\/uploads\/2021\/02\/DSC_0277-Edit-Edit-200x300.jpg 200w\" sizes=\"auto, (max-width: 683px) 100vw, 683px\" \/><div class=\"img_hover\" style=\"background-image:url(https:\/\/www.tulave.sk\/wp-content\/uploads\/2021\/02\/DSC_0150-Edit-Edit.jpg)\"><\/div><\/a><\/div><div class=\"w-person-content\"><h4 itemprop=\"name\" class=\"w-person-name\"><a title=\"Anna \u010conkov\u00e1\" href=\"https:\/\/www.tulave.sk\/en\/anna-conkova\/\" class=\"w-person-link\" aria-label=\"Anna \u010conkov\u00e1\"><span>Anna \u010conkov\u00e1<\/span><\/a><\/h4><\/div><\/div><div class=\"w-person layout_simple\" itemscope itemtype=\"https:\/\/schema.org\/Person\"><div class=\"w-person-image\"><a title=\"Zuzana Kyzekov\u00e1\" href=\"https:\/\/www.tulave.sk\/en\/zuzana-kyzekova\/\" class=\"w-person-link\" aria-label=\"Zuzana Kyzekov\u00e1\"><img loading=\"lazy\" decoding=\"async\" width=\"1707\" height=\"2560\" src=\"https:\/\/www.tulave.sk\/wp-content\/uploads\/2021\/02\/DSC_1291-Edit-Edit-scaled.jpg\" class=\"attachment-full size-full\" alt=\"Zuzana_Kyzekova\" itemprop=\"image\" srcset=\"https:\/\/www.tulave.sk\/wp-content\/uploads\/2021\/02\/DSC_1291-Edit-Edit-scaled.jpg 1707w, https:\/\/www.tulave.sk\/wp-content\/uploads\/2021\/02\/DSC_1291-Edit-Edit-200x300.jpg 200w, https:\/\/www.tulave.sk\/wp-content\/uploads\/2021\/02\/DSC_1291-Edit-Edit-683x1024.jpg 683w, https:\/\/www.tulave.sk\/wp-content\/uploads\/2021\/02\/DSC_1291-Edit-Edit-1024x1536.jpg 1024w\" sizes=\"auto, (max-width: 1707px) 100vw, 1707px\" \/><div class=\"img_hover\" style=\"background-image:url(https:\/\/www.tulave.sk\/wp-content\/uploads\/2021\/02\/DSC_1198-Edit-Edit.jpg)\"><\/div><\/a><\/div><div class=\"w-person-content\"><h4 itemprop=\"name\" class=\"w-person-name\"><a title=\"Zuzana Kyzekov\u00e1\" href=\"https:\/\/www.tulave.sk\/en\/zuzana-kyzekova\/\" class=\"w-person-link\" aria-label=\"Zuzana Kyzekov\u00e1\"><span>Zuzana Kyzekov\u00e1<\/span><\/a><\/h4><\/div><\/div><div class=\"w-person us_custom_ae99f6aa has_text_color layout_simple\" itemscope itemtype=\"https:\/\/schema.org\/Person\"><div class=\"w-person-image\"><a title=\"Adela Moj\u017ei\u0161ov\u00e1\" href=\"https:\/\/www.tulave.sk\/en\/adela-mojzisova\/\" class=\"w-person-link\" aria-label=\"Adela Moj\u017ei\u0161ov\u00e1\"><img loading=\"lazy\" decoding=\"async\" width=\"683\" height=\"1024\" src=\"https:\/\/www.tulave.sk\/wp-content\/uploads\/2021\/02\/DSC_9808-Edit-Edit-2-Edit.jpg\" class=\"attachment-full size-full\" alt=\"Adela Moj\u017ei\u0161ov\u00e1\" itemprop=\"image\" srcset=\"https:\/\/www.tulave.sk\/wp-content\/uploads\/2021\/02\/DSC_9808-Edit-Edit-2-Edit.jpg 683w, https:\/\/www.tulave.sk\/wp-content\/uploads\/2021\/02\/DSC_9808-Edit-Edit-2-Edit-200x300.jpg 200w\" sizes=\"auto, (max-width: 683px) 100vw, 683px\" \/><div class=\"img_hover\" style=\"background-image:url(https:\/\/www.tulave.sk\/wp-content\/uploads\/2021\/02\/DSC_9770-Edit-Edit-2.jpg)\"><\/div><\/a><\/div><div class=\"w-person-content\"><h4 itemprop=\"name\" class=\"w-person-name\"><a title=\"Adela Moj\u017ei\u0161ov\u00e1\" href=\"https:\/\/www.tulave.sk\/en\/adela-mojzisova\/\" class=\"w-person-link\" aria-label=\"Adela Moj\u017ei\u0161ov\u00e1\"><span>Adela Moj\u017ei\u0161ov\u00e1<\/span><\/a><\/h4><\/div><\/div><div class=\"w-person layout_simple\" itemscope itemtype=\"https:\/\/schema.org\/Person\"><div class=\"w-person-image\"><a title=\"Jakub Ru\u017ei\u010dka\" href=\"https:\/\/www.tulave.sk\/en\/jakub-ruzicka\/\" class=\"w-person-link\" aria-label=\"Jakub Ru\u017ei\u010dka\"><img loading=\"lazy\" decoding=\"async\" width=\"682\" height=\"1024\" src=\"https:\/\/www.tulave.sk\/wp-content\/uploads\/2021\/02\/DSC_9539-Edit-Edit.jpg\" class=\"attachment-full size-full\" alt=\"Jakub_Ru\u017ei\u010dka\" itemprop=\"image\" srcset=\"https:\/\/www.tulave.sk\/wp-content\/uploads\/2021\/02\/DSC_9539-Edit-Edit.jpg 682w, https:\/\/www.tulave.sk\/wp-content\/uploads\/2021\/02\/DSC_9539-Edit-Edit-200x300.jpg 200w\" sizes=\"auto, (max-width: 682px) 100vw, 682px\" \/><div class=\"img_hover\" style=\"background-image:url(https:\/\/www.tulave.sk\/wp-content\/uploads\/2021\/02\/DSC_9483-Edit-Edit.jpg)\"><\/div><\/a><\/div><div class=\"w-person-content\"><h4 itemprop=\"name\" class=\"w-person-name\"><a title=\"Jakub Ru\u017ei\u010dka\" href=\"https:\/\/www.tulave.sk\/en\/jakub-ruzicka\/\" class=\"w-person-link\" aria-label=\"Jakub Ru\u017ei\u010dka\"><span>Jakub Ru\u017ei\u010dka<\/span><\/a><\/h4><\/div><\/div><\/div><\/div><\/div><div class=\"vc_col-sm-4 wpb_column vc_column_container\"><div class=\"vc_column-inner\"><div class=\"wpb_wrapper\"><div class=\"w-person layout_simple\" itemscope itemtype=\"https:\/\/schema.org\/Person\"><div class=\"w-person-image\"><a title=\"Radovan Hudec\" href=\"https:\/\/www.tulave.sk\/en\/radovan-hudec\/\" class=\"w-person-link\" aria-label=\"Radovan Hudec\"><img loading=\"lazy\" decoding=\"async\" width=\"682\" height=\"1024\" src=\"https:\/\/www.tulave.sk\/wp-content\/uploads\/2021\/02\/DSC_9996-Edit-Edit.jpg\" class=\"attachment-full size-full\" alt=\"Radovan_Hudec\" itemprop=\"image\" srcset=\"https:\/\/www.tulave.sk\/wp-content\/uploads\/2021\/02\/DSC_9996-Edit-Edit.jpg 682w, https:\/\/www.tulave.sk\/wp-content\/uploads\/2021\/02\/DSC_9996-Edit-Edit-200x300.jpg 200w\" sizes=\"auto, (max-width: 682px) 100vw, 682px\" \/><div class=\"img_hover\" style=\"background-image:url(https:\/\/www.tulave.sk\/wp-content\/uploads\/2021\/02\/DSC_9961-Edit-Edit.jpg)\"><\/div><\/a><\/div><div class=\"w-person-content\"><h4 itemprop=\"name\" class=\"w-person-name\"><a title=\"Radovan Hudec\" href=\"https:\/\/www.tulave.sk\/en\/radovan-hudec\/\" class=\"w-person-link\" aria-label=\"Radovan Hudec\"><span>Radovan Hudec<\/span><\/a><\/h4><\/div><\/div><div class=\"w-person layout_simple\" itemscope itemtype=\"https:\/\/schema.org\/Person\"><div class=\"w-person-image\"><a title=\"\u0160tefan Martinovi\u010d\" href=\"https:\/\/www.tulave.sk\/en\/stefan-martinovic\/\" class=\"w-person-link\" aria-label=\"\u0160tefan Martinovi\u010d\"><img loading=\"lazy\" decoding=\"async\" width=\"682\" height=\"1024\" src=\"https:\/\/www.tulave.sk\/wp-content\/uploads\/2021\/02\/DSC_9750-Edit-Edit.jpg\" class=\"attachment-full size-full\" alt=\"\u0160tefan_Martinovi\u010d\" itemprop=\"image\" srcset=\"https:\/\/www.tulave.sk\/wp-content\/uploads\/2021\/02\/DSC_9750-Edit-Edit.jpg 682w, https:\/\/www.tulave.sk\/wp-content\/uploads\/2021\/02\/DSC_9750-Edit-Edit-200x300.jpg 200w\" sizes=\"auto, (max-width: 682px) 100vw, 682px\" \/><div class=\"img_hover\" style=\"background-image:url(https:\/\/www.tulave.sk\/wp-content\/uploads\/2021\/02\/DSC_9648-Edit-Edit.jpg)\"><\/div><\/a><\/div><div class=\"w-person-content\"><h4 itemprop=\"name\" class=\"w-person-name\"><a title=\"\u0160tefan Martinovi\u010d\" href=\"https:\/\/www.tulave.sk\/en\/stefan-martinovic\/\" class=\"w-person-link\" aria-label=\"\u0160tefan Martinovi\u010d\"><span>\u0160tefan Martinovi\u010d<\/span><\/a><\/h4><\/div><\/div><div class=\"w-person layout_simple\" itemscope itemtype=\"https:\/\/schema.org\/Person\"><div class=\"w-person-image\"><a title=\"Jakub Nvota\" href=\"https:\/\/www.tulave.sk\/en\/jakub-nvota\/\" class=\"w-person-link\" aria-label=\"Jakub Nvota\"><img loading=\"lazy\" decoding=\"async\" width=\"682\" height=\"1024\" src=\"https:\/\/www.tulave.sk\/wp-content\/uploads\/2021\/02\/DSC_9366-Edit-Edit-Edit.jpg\" class=\"attachment-full size-full\" alt=\"Jakub_Nvota\" itemprop=\"image\" srcset=\"https:\/\/www.tulave.sk\/wp-content\/uploads\/2021\/02\/DSC_9366-Edit-Edit-Edit.jpg 682w, https:\/\/www.tulave.sk\/wp-content\/uploads\/2021\/02\/DSC_9366-Edit-Edit-Edit-200x300.jpg 200w\" sizes=\"auto, (max-width: 682px) 100vw, 682px\" \/><div class=\"img_hover\" style=\"background-image:url(https:\/\/www.tulave.sk\/wp-content\/uploads\/2021\/02\/DSC_9353-Edit-Edit.jpg)\"><\/div><\/a><\/div><div class=\"w-person-content\"><h4 itemprop=\"name\" class=\"w-person-name\"><a title=\"Jakub Nvota\" href=\"https:\/\/www.tulave.sk\/en\/jakub-nvota\/\" class=\"w-person-link\" aria-label=\"Jakub Nvota\"><span>Jakub Nvota<\/span><\/a><\/h4><\/div><\/div><div class=\"w-person layout_simple\" itemscope itemtype=\"https:\/\/schema.org\/Person\"><div class=\"w-person-image\"><a title=\"Daniela \u0160encov\u00e1\" href=\"https:\/\/www.tulave.sk\/en\/daniela-sencova\/\" class=\"w-person-link\" aria-label=\"Daniela \u0160encov\u00e1\"><img loading=\"lazy\" decoding=\"async\" width=\"683\" height=\"1024\" src=\"https:\/\/www.tulave.sk\/wp-content\/uploads\/2021\/02\/DSC_9437-Edit-Edit.jpg\" class=\"attachment-full size-full\" alt=\"Daniela_\u0160encov\u00e1\" itemprop=\"image\" srcset=\"https:\/\/www.tulave.sk\/wp-content\/uploads\/2021\/02\/DSC_9437-Edit-Edit.jpg 683w, https:\/\/www.tulave.sk\/wp-content\/uploads\/2021\/02\/DSC_9437-Edit-Edit-200x300.jpg 200w\" sizes=\"auto, (max-width: 683px) 100vw, 683px\" \/><div class=\"img_hover\" style=\"background-image:url(https:\/\/www.tulave.sk\/wp-content\/uploads\/2021\/02\/DSC_9411-Edit-Edit-6.jpg)\"><\/div><\/a><\/div><div class=\"w-person-content\"><h4 itemprop=\"name\" class=\"w-person-name\"><a title=\"Daniela \u0160encov\u00e1\" href=\"https:\/\/www.tulave.sk\/en\/daniela-sencova\/\" class=\"w-person-link\" aria-label=\"Daniela \u0160encov\u00e1\"><span>Daniela \u0160encov\u00e1<\/span><\/a><\/h4><\/div><\/div><\/div><\/div><\/div><\/div><\/div><\/div><\/div><\/div><\/div><\/section>\n","protected":false},"excerpt":{"rendered":"MembersPavol BuocikLucia Hurajov\u00e1Kamil Mikul\u010d\u00edk\u0160tefan Richt\u00e1rechKamil \u017di\u0161kaAnna \u010conkov\u00e1Zuzana Kyzekov\u00e1Adela Moj\u017ei\u0161ov\u00e1Jakub Ru\u017ei\u010dkaRadovan Hudec\u0160tefan Martinovi\u010dJakub NvotaDaniela \u0160encov\u00e1","protected":false},"author":1,"featured_media":0,"parent":0,"menu_order":0,"comment_status":"closed","ping_status":"closed","template":"","meta":{"_acf_changed":false,"footnotes":""},"class_list":["post-8282","page","type-page","status-publish","hentry"],"acf":[],"yoast_head":"<!-- This site is optimized with the Yoast SEO plugin v25.2 - https:\/\/yoast.com\/wordpress\/plugins\/seo\/ -->\n<title>Members - T\u00falav\u00e9 divadlo<\/title>\n<meta name=\"robots\" content=\"index, follow, max-snippet:-1, max-image-preview:large, max-video-preview:-1\" \/>\n<link rel=\"canonical\" href=\"https:\/\/www.tulave.sk\/en\/the-members\/\" \/>\n<meta property=\"og:locale\" content=\"en_US\" \/>\n<meta property=\"og:type\" content=\"article\" \/>\n<meta property=\"og:title\" content=\"Members - T\u00falav\u00e9 divadlo\" \/>\n<meta property=\"og:url\" content=\"https:\/\/www.tulave.sk\/en\/the-members\/\" \/>\n<meta property=\"og:site_name\" content=\"T\u00falav\u00e9 divadlo\" \/>\n<meta property=\"article:modified_time\" content=\"2021-04-22T18:40:34+00:00\" \/>\n<meta name=\"twitter:card\" content=\"summary_large_image\" \/>\n<meta name=\"twitter:label1\" content=\"Est. reading time\" \/>\n\t<meta name=\"twitter:data1\" content=\"3 minutes\" \/>\n<script type=\"application\/ld+json\" class=\"yoast-schema-graph\">{\"@context\":\"https:\/\/schema.org\",\"@graph\":[{\"@type\":\"WebPage\",\"@id\":\"https:\/\/www.tulave.sk\/en\/the-members\/\",\"url\":\"https:\/\/www.tulave.sk\/en\/the-members\/\",\"name\":\"Members - T\u00falav\u00e9 divadlo\",\"isPartOf\":{\"@id\":\"https:\/\/www.tulave.sk\/en\/#website\"},\"datePublished\":\"2021-03-04T13:58:40+00:00\",\"dateModified\":\"2021-04-22T18:40:34+00:00\",\"breadcrumb\":{\"@id\":\"https:\/\/www.tulave.sk\/en\/the-members\/#breadcrumb\"},\"inLanguage\":\"en-US\",\"potentialAction\":[{\"@type\":\"ReadAction\",\"target\":[\"https:\/\/www.tulave.sk\/en\/the-members\/\"]}]},{\"@type\":\"BreadcrumbList\",\"@id\":\"https:\/\/www.tulave.sk\/en\/the-members\/#breadcrumb\",\"itemListElement\":[{\"@type\":\"ListItem\",\"position\":1,\"name\":\"Home\",\"item\":\"https:\/\/www.tulave.sk\/en\/\"},{\"@type\":\"ListItem\",\"position\":2,\"name\":\"Members\"}]},{\"@type\":\"WebSite\",\"@id\":\"https:\/\/www.tulave.sk\/en\/#website\",\"url\":\"https:\/\/www.tulave.sk\/en\/\",\"name\":\"T\u00falav\u00e9 divadlo\",\"description\":\"str\u00e1nka nez\u00e1visl\u00e9ho divadla\",\"potentialAction\":[{\"@type\":\"SearchAction\",\"target\":{\"@type\":\"EntryPoint\",\"urlTemplate\":\"https:\/\/www.tulave.sk\/en\/?s={search_term_string}\"},\"query-input\":{\"@type\":\"PropertyValueSpecification\",\"valueRequired\":true,\"valueName\":\"search_term_string\"}}],\"inLanguage\":\"en-US\"}]}<\/script>\n<!-- \/ Yoast SEO plugin. -->","yoast_head_json":{"title":"Members - T\u00falav\u00e9 divadlo","robots":{"index":"index","follow":"follow","max-snippet":"max-snippet:-1","max-image-preview":"max-image-preview:large","max-video-preview":"max-video-preview:-1"},"canonical":"https:\/\/www.tulave.sk\/en\/the-members\/","og_locale":"en_US","og_type":"article","og_title":"Members - T\u00falav\u00e9 divadlo","og_url":"https:\/\/www.tulave.sk\/en\/the-members\/","og_site_name":"T\u00falav\u00e9 divadlo","article_modified_time":"2021-04-22T18:40:34+00:00","twitter_card":"summary_large_image","twitter_misc":{"Est. reading time":"3 minutes"},"schema":{"@context":"https:\/\/schema.org","@graph":[{"@type":"WebPage","@id":"https:\/\/www.tulave.sk\/en\/the-members\/","url":"https:\/\/www.tulave.sk\/en\/the-members\/","name":"Members - T\u00falav\u00e9 divadlo","isPartOf":{"@id":"https:\/\/www.tulave.sk\/en\/#website"},"datePublished":"2021-03-04T13:58:40+00:00","dateModified":"2021-04-22T18:40:34+00:00","breadcrumb":{"@id":"https:\/\/www.tulave.sk\/en\/the-members\/#breadcrumb"},"inLanguage":"en-US","potentialAction":[{"@type":"ReadAction","target":["https:\/\/www.tulave.sk\/en\/the-members\/"]}]},{"@type":"BreadcrumbList","@id":"https:\/\/www.tulave.sk\/en\/the-members\/#breadcrumb","itemListElement":[{"@type":"ListItem","position":1,"name":"Home","item":"https:\/\/www.tulave.sk\/en\/"},{"@type":"ListItem","position":2,"name":"Members"}]},{"@type":"WebSite","@id":"https:\/\/www.tulave.sk\/en\/#website","url":"https:\/\/www.tulave.sk\/en\/","name":"T\u00falav\u00e9 divadlo","description":"str\u00e1nka nez\u00e1visl\u00e9ho divadla","potentialAction":[{"@type":"SearchAction","target":{"@type":"EntryPoint","urlTemplate":"https:\/\/www.tulave.sk\/en\/?s={search_term_string}"},"query-input":{"@type":"PropertyValueSpecification","valueRequired":true,"valueName":"search_term_string"}}],"inLanguage":"en-US"}]}},"_links":{"self":[{"href":"https:\/\/www.tulave.sk\/en\/wp-json\/wp\/v2\/pages\/8282","targetHints":{"allow":["GET"]}}],"collection":[{"href":"https:\/\/www.tulave.sk\/en\/wp-json\/wp\/v2\/pages"}],"about":[{"href":"https:\/\/www.tulave.sk\/en\/wp-json\/wp\/v2\/types\/page"}],"author":[{"embeddable":true,"href":"https:\/\/www.tulave.sk\/en\/wp-json\/wp\/v2\/users\/1"}],"replies":[{"embeddable":true,"href":"https:\/\/www.tulave.sk\/en\/wp-json\/wp\/v2\/comments?post=8282"}],"version-history":[{"count":12,"href":"https:\/\/www.tulave.sk\/en\/wp-json\/wp\/v2\/pages\/8282\/revisions"}],"predecessor-version":[{"id":8435,"href":"https:\/\/www.tulave.sk\/en\/wp-json\/wp\/v2\/pages\/8282\/revisions\/8435"}],"wp:attachment":[{"href":"https:\/\/www.tulave.sk\/en\/wp-json\/wp\/v2\/media?parent=8282"}],"curies":[{"name":"wp","href":"https:\/\/api.w.org\/{rel}","templated":true}]}}