{"id":8292,"date":"2021-03-15T13:54:18","date_gmt":"2021-03-15T12:54:18","guid":{"rendered":"https:\/\/www.tulave.sk\/music-sets\/"},"modified":"2021-04-23T01:47:18","modified_gmt":"2021-04-22T23:47:18","slug":"music-sets","status":"publish","type":"page","link":"https:\/\/www.tulave.sk\/en\/music-sets\/","title":{"rendered":"Music sets"},"content":{"rendered":"<section class=\"l-section wpb_row height_small color_alternate with_img parallax_hor bgwidth_110\"><div class=\"l-section-img\" role=\"img\" data-img-width=\"1700\" data-img-height=\"900\" style=\"background-image: url(https:\/\/www.tulave.sk\/wp-content\/uploads\/2021\/01\/TAPETA_04.jpg);\"><\/div><div class=\"l-section-overlay\" style=\"background:rgba(255,255,255,0.8)\"><\/div><div class=\"l-section-h i-cf\"><div class=\"g-cols vc_row via_flex valign_middle type_default stacking_default\"><div class=\"vc_col-sm-12 wpb_column vc_column_container\"><div class=\"vc_column-inner\"><div class=\"wpb_wrapper\"><h1 class=\"w-post-elm post_title us_custom_95ebd667 has_text_color align_center entry-title color_link_inherit\">Music sets<\/h1><\/div><\/div><\/div><\/div><\/div><\/section><section class=\"l-section wpb_row us_custom_2b930cc5 height_auto color_primary type_sticky\"><div class=\"l-section-h i-cf\"><div class=\"g-cols vc_row via_flex valign_top type_default stacking_default\"><div class=\"vc_col-sm-12 wpb_column vc_column_container\"><div class=\"vc_column-inner\"><div class=\"wpb_wrapper\"><\/div><\/div><\/div><\/div><\/div><\/section><section class=\"l-section wpb_row height_custom\"><div class=\"l-section-h i-cf\"><div class=\"g-cols vc_row via_flex valign_top type_default stacking_default\"><div class=\"vc_col-sm-6 wpb_column vc_column_container\"><div class=\"vc_column-inner\"><div class=\"wpb_wrapper\"><div class=\"wpb_text_column\"><div class=\"wpb_wrapper\"><p>Music sets Kamil \u017di\u0161ka<\/p>\n<\/div><\/div><div class=\"w-separator size_medium\"><\/div><div class=\"wpb_text_column\"><div class=\"wpb_wrapper\"><!--[if lt IE 9]><script>document.createElement('audio');<\/script><![endif]-->\n\t<div class=\"wp-playlist wp-audio-playlist wp-playlist-light\">\n\t\t\t<div class=\"wp-playlist-current-item\"><\/div>\n\t\t<audio controls=\"controls\" preload=\"none\" width=\"1278\"\n\t\t\t><\/audio>\n\t<div class=\"wp-playlist-next\"><\/div>\n\t<div class=\"wp-playlist-prev\"><\/div>\n\t<noscript>\n\t<ol>\n\t\t<li><a href='https:\/\/www.tulave.sk\/wp-content\/uploads\/2021\/02\/Podn\u00e1jomn\u00edk-strach1.mp3'>Podn\u00e1jomn\u00edk strach<\/a><\/li><li><a href='https:\/\/www.tulave.sk\/wp-content\/uploads\/2021\/02\/Pierko.mp3'>Pierko<\/a><\/li><li><a href='https:\/\/www.tulave.sk\/wp-content\/uploads\/2021\/02\/Opera-o-70.rokoch.mp3'>Opera o 70.rokoch<\/a><\/li><li><a href='https:\/\/www.tulave.sk\/wp-content\/uploads\/2021\/02\/O-p\u00e1r-rokov-viac.mp3'>O p\u00e1r rokov viac<\/a><\/li><li><a href='https:\/\/www.tulave.sk\/wp-content\/uploads\/2021\/02\/Man\u00e9\u017e1.mp3'>Man\u00e9\u017e<\/a><\/li><li><a href='https:\/\/www.tulave.sk\/wp-content\/uploads\/2021\/02\/Mu\u017e.mp3'>Mu\u017e<\/a><\/li><li><a href='https:\/\/www.tulave.sk\/wp-content\/uploads\/2021\/02\/Mali\u010dk\u00fd-kar.mp3'>Mali\u010dk\u00fd kar<\/a><\/li><li><a href='https:\/\/www.tulave.sk\/wp-content\/uploads\/2021\/02\/Keby-tak-Shakespeare.mp3'>Keby tak Shakespeare<\/a><\/li><li><a href='https:\/\/www.tulave.sk\/wp-content\/uploads\/2021\/02\/Ak\u00e9-je-to-n\u00e1dhern\u00e9.mp3'>Ak\u00e9 je to n\u00e1dhern\u00e9<\/a><\/li><li><a href='https:\/\/www.tulave.sk\/wp-content\/uploads\/2021\/02\/V-malickom-bare.mp3'>V mali\u010dkom bare<\/a><\/li><li><a href='https:\/\/www.tulave.sk\/wp-content\/uploads\/2021\/02\/Stastie.mp3'>\u0160\u0165astie<\/a><\/li><li><a href='https:\/\/www.tulave.sk\/wp-content\/uploads\/2021\/02\/Pupava.mp3'>P\u00fapava<\/a><\/li>\t<\/ol>\n\t<\/noscript>\n\t<script type=\"application\/json\" class=\"wp-playlist-script\">{\"type\":\"audio\",\"tracklist\":true,\"tracknumbers\":true,\"images\":true,\"artists\":true,\"tracks\":[{\"src\":\"https:\\\/\\\/www.tulave.sk\\\/wp-content\\\/uploads\\\/2021\\\/02\\\/Podn\\u00e1jomn\\u00edk-strach1.mp3\",\"type\":\"audio\\\/mpeg\",\"title\":\"Podn\\u00e1jomn\\u00edk strach\",\"caption\":\"\",\"description\":\"\",\"meta\":{\"artist\":\"Kamil \\u017di\\u0161ka\",\"length_formatted\":\"2:36\"},\"image\":{\"src\":\"https:\\\/\\\/www.tulave.sk\\\/wp-includes\\\/images\\\/media\\\/audio.svg\",\"width\":48,\"height\":64},\"thumb\":{\"src\":\"https:\\\/\\\/www.tulave.sk\\\/wp-includes\\\/images\\\/media\\\/audio.svg\",\"width\":48,\"height\":64}},{\"src\":\"https:\\\/\\\/www.tulave.sk\\\/wp-content\\\/uploads\\\/2021\\\/02\\\/Pierko.mp3\",\"type\":\"audio\\\/mpeg\",\"title\":\"Pierko\",\"caption\":\"\",\"description\":\"\",\"meta\":{\"artist\":\"Kamil \\u017di\\u0161ka\",\"length_formatted\":\"2:37\"},\"image\":{\"src\":\"https:\\\/\\\/www.tulave.sk\\\/wp-includes\\\/images\\\/media\\\/audio.svg\",\"width\":48,\"height\":64},\"thumb\":{\"src\":\"https:\\\/\\\/www.tulave.sk\\\/wp-includes\\\/images\\\/media\\\/audio.svg\",\"width\":48,\"height\":64}},{\"src\":\"https:\\\/\\\/www.tulave.sk\\\/wp-content\\\/uploads\\\/2021\\\/02\\\/Opera-o-70.rokoch.mp3\",\"type\":\"audio\\\/mpeg\",\"title\":\"Opera o 70.rokoch\",\"caption\":\"\",\"description\":\"\",\"meta\":{\"artist\":\"Kamil \\u017di\\u0161ka\",\"length_formatted\":\"3:04\"},\"image\":{\"src\":\"https:\\\/\\\/www.tulave.sk\\\/wp-includes\\\/images\\\/media\\\/audio.svg\",\"width\":48,\"height\":64},\"thumb\":{\"src\":\"https:\\\/\\\/www.tulave.sk\\\/wp-includes\\\/images\\\/media\\\/audio.svg\",\"width\":48,\"height\":64}},{\"src\":\"https:\\\/\\\/www.tulave.sk\\\/wp-content\\\/uploads\\\/2021\\\/02\\\/O-p\\u00e1r-rokov-viac.mp3\",\"type\":\"audio\\\/mpeg\",\"title\":\"O p\\u00e1r rokov viac\",\"caption\":\"\",\"description\":\"\",\"meta\":{\"artist\":\"Kamil \\u017di\\u0161ka\",\"length_formatted\":\"4:08\"},\"image\":{\"src\":\"https:\\\/\\\/www.tulave.sk\\\/wp-includes\\\/images\\\/media\\\/audio.svg\",\"width\":48,\"height\":64},\"thumb\":{\"src\":\"https:\\\/\\\/www.tulave.sk\\\/wp-includes\\\/images\\\/media\\\/audio.svg\",\"width\":48,\"height\":64}},{\"src\":\"https:\\\/\\\/www.tulave.sk\\\/wp-content\\\/uploads\\\/2021\\\/02\\\/Man\\u00e9\\u017e1.mp3\",\"type\":\"audio\\\/mpeg\",\"title\":\"Man\\u00e9\\u017e\",\"caption\":\"\",\"description\":\"\",\"meta\":{\"artist\":\"Kamil \\u017di\\u0161ka\",\"length_formatted\":\"4:01\"},\"image\":{\"src\":\"https:\\\/\\\/www.tulave.sk\\\/wp-includes\\\/images\\\/media\\\/audio.svg\",\"width\":48,\"height\":64},\"thumb\":{\"src\":\"https:\\\/\\\/www.tulave.sk\\\/wp-includes\\\/images\\\/media\\\/audio.svg\",\"width\":48,\"height\":64}},{\"src\":\"https:\\\/\\\/www.tulave.sk\\\/wp-content\\\/uploads\\\/2021\\\/02\\\/Mu\\u017e.mp3\",\"type\":\"audio\\\/mpeg\",\"title\":\"Mu\\u017e\",\"caption\":\"\",\"description\":\"\",\"meta\":{\"artist\":\"Kamil \\u017di\\u0161ka\",\"length_formatted\":\"3:23\"},\"image\":{\"src\":\"https:\\\/\\\/www.tulave.sk\\\/wp-includes\\\/images\\\/media\\\/audio.svg\",\"width\":48,\"height\":64},\"thumb\":{\"src\":\"https:\\\/\\\/www.tulave.sk\\\/wp-includes\\\/images\\\/media\\\/audio.svg\",\"width\":48,\"height\":64}},{\"src\":\"https:\\\/\\\/www.tulave.sk\\\/wp-content\\\/uploads\\\/2021\\\/02\\\/Mali\\u010dk\\u00fd-kar.mp3\",\"type\":\"audio\\\/mpeg\",\"title\":\"Mali\\u010dk\\u00fd kar\",\"caption\":\"\",\"description\":\"\",\"meta\":{\"artist\":\"Kamil \\u017di\\u0161ka\",\"genre\":\"Blues\",\"length_formatted\":\"2:06\"},\"image\":{\"src\":\"https:\\\/\\\/www.tulave.sk\\\/wp-includes\\\/images\\\/media\\\/audio.svg\",\"width\":48,\"height\":64},\"thumb\":{\"src\":\"https:\\\/\\\/www.tulave.sk\\\/wp-includes\\\/images\\\/media\\\/audio.svg\",\"width\":48,\"height\":64}},{\"src\":\"https:\\\/\\\/www.tulave.sk\\\/wp-content\\\/uploads\\\/2021\\\/02\\\/Keby-tak-Shakespeare.mp3\",\"type\":\"audio\\\/mpeg\",\"title\":\"Keby tak Shakespeare\",\"caption\":\"\",\"description\":\"\",\"meta\":{\"artist\":\"Kamil \\u017di\\u0161ka\",\"genre\":\"Blues\",\"length_formatted\":\"4:08\"},\"image\":{\"src\":\"https:\\\/\\\/www.tulave.sk\\\/wp-includes\\\/images\\\/media\\\/audio.svg\",\"width\":48,\"height\":64},\"thumb\":{\"src\":\"https:\\\/\\\/www.tulave.sk\\\/wp-includes\\\/images\\\/media\\\/audio.svg\",\"width\":48,\"height\":64}},{\"src\":\"https:\\\/\\\/www.tulave.sk\\\/wp-content\\\/uploads\\\/2021\\\/02\\\/Ak\\u00e9-je-to-n\\u00e1dhern\\u00e9.mp3\",\"type\":\"audio\\\/mpeg\",\"title\":\"Ak\\u00e9 je to n\\u00e1dhern\\u00e9\",\"caption\":\"\",\"description\":\"\",\"meta\":{\"artist\":\"Kamil \\u017di\\u0161ka\",\"length_formatted\":\"3:54\"},\"image\":{\"src\":\"https:\\\/\\\/www.tulave.sk\\\/wp-includes\\\/images\\\/media\\\/audio.svg\",\"width\":48,\"height\":64},\"thumb\":{\"src\":\"https:\\\/\\\/www.tulave.sk\\\/wp-includes\\\/images\\\/media\\\/audio.svg\",\"width\":48,\"height\":64}},{\"src\":\"https:\\\/\\\/www.tulave.sk\\\/wp-content\\\/uploads\\\/2021\\\/02\\\/V-malickom-bare.mp3\",\"type\":\"audio\\\/mpeg\",\"title\":\"V mali\\u010dkom bare\",\"caption\":\"\",\"description\":\"\",\"meta\":{\"artist\":\"Kamil \\u017di\\u0161ka\",\"genre\":\"Blues\",\"length_formatted\":\"2:06\"},\"image\":{\"src\":\"https:\\\/\\\/www.tulave.sk\\\/wp-includes\\\/images\\\/media\\\/audio.svg\",\"width\":48,\"height\":64},\"thumb\":{\"src\":\"https:\\\/\\\/www.tulave.sk\\\/wp-includes\\\/images\\\/media\\\/audio.svg\",\"width\":48,\"height\":64}},{\"src\":\"https:\\\/\\\/www.tulave.sk\\\/wp-content\\\/uploads\\\/2021\\\/02\\\/Stastie.mp3\",\"type\":\"audio\\\/mpeg\",\"title\":\"\\u0160\\u0165astie\",\"caption\":\"\",\"description\":\"\",\"meta\":{\"artist\":\"Kamil \\u017di\\u0161ka\",\"genre\":\"Blues\",\"length_formatted\":\"3:28\"},\"image\":{\"src\":\"https:\\\/\\\/www.tulave.sk\\\/wp-includes\\\/images\\\/media\\\/audio.svg\",\"width\":48,\"height\":64},\"thumb\":{\"src\":\"https:\\\/\\\/www.tulave.sk\\\/wp-includes\\\/images\\\/media\\\/audio.svg\",\"width\":48,\"height\":64}},{\"src\":\"https:\\\/\\\/www.tulave.sk\\\/wp-content\\\/uploads\\\/2021\\\/02\\\/Pupava.mp3\",\"type\":\"audio\\\/mpeg\",\"title\":\"P\\u00fapava\",\"caption\":\"\",\"description\":\"\",\"meta\":{\"artist\":\"Kamil \\u017di\\u0161ka\",\"genre\":\"Blues\",\"length_formatted\":\"4:40\"},\"image\":{\"src\":\"https:\\\/\\\/www.tulave.sk\\\/wp-includes\\\/images\\\/media\\\/audio.svg\",\"width\":48,\"height\":64},\"thumb\":{\"src\":\"https:\\\/\\\/www.tulave.sk\\\/wp-includes\\\/images\\\/media\\\/audio.svg\",\"width\":48,\"height\":64}}]}<\/script>\n<\/div>\n\t\n<\/div><\/div><\/div><\/div><\/div><div class=\"vc_col-sm-6 wpb_column vc_column_container\"><div class=\"vc_column-inner\"><div class=\"wpb_wrapper\"><div class=\"wpb_text_column\"><div class=\"wpb_wrapper\"><p>Music sets Kamil Mikul\u010d\u00edk<\/p>\n<\/div><\/div><div class=\"w-separator size_medium\"><\/div><div class=\"wpb_text_column\"><div class=\"wpb_wrapper\"><div class=\"wp-playlist wp-audio-playlist wp-playlist-light\">\n\t\t\t<div class=\"wp-playlist-current-item\"><\/div>\n\t\t<audio controls=\"controls\" preload=\"none\" width=\"1278\"\n\t\t\t><\/audio>\n\t<div class=\"wp-playlist-next\"><\/div>\n\t<div class=\"wp-playlist-prev\"><\/div>\n\t<noscript>\n\t<ol>\n\t\t<li><a href='https:\/\/www.tulave.sk\/wp-content\/uploads\/2021\/02\/V-sade-Janka-Krala.mp3'>V sade Janka Kr\u00e1\u013ea<\/a><\/li><li><a href='https:\/\/www.tulave.sk\/wp-content\/uploads\/2021\/02\/Vivat-Lopa\u0161ov.mp3'>Vivat Lopa\u0161ov!<\/a><\/li><li><a href='https:\/\/www.tulave.sk\/wp-content\/uploads\/2021\/02\/Tango.mp3'>Tango<\/a><\/li><li><a href='https:\/\/www.tulave.sk\/wp-content\/uploads\/2021\/02\/Padly-anjel.mp3'>Padl\u00fd anjel<\/a><\/li><li><a href='https:\/\/www.tulave.sk\/wp-content\/uploads\/2021\/02\/Co-mam-NEW_NEW.mp3'>\u010co m\u00e1m<\/a><\/li><li><a href='https:\/\/www.tulave.sk\/wp-content\/uploads\/2021\/02\/Blazniva.mp3'>Bl\u00e1zniv\u00e1<\/a><\/li><li><a href='https:\/\/www.tulave.sk\/wp-content\/uploads\/2021\/02\/Blues-o-Jane.mp3'>Blues o Jane<\/a><\/li><li><a href='https:\/\/www.tulave.sk\/wp-content\/uploads\/2021\/02\/Ake-je-to-nadherne.mp3'>Ak\u00e9 je to n\u00e1dhern\u00e9<\/a><\/li><li><a href='https:\/\/www.tulave.sk\/wp-content\/uploads\/2021\/02\/Prisiel-som-k-v\u00e1m.mp3'>Pri\u0161iel som k v\u00e1m<\/a><\/li>\t<\/ol>\n\t<\/noscript>\n\t<script type=\"application\/json\" class=\"wp-playlist-script\">{\"type\":\"audio\",\"tracklist\":true,\"tracknumbers\":true,\"images\":false,\"artists\":true,\"tracks\":[{\"src\":\"https:\\\/\\\/www.tulave.sk\\\/wp-content\\\/uploads\\\/2021\\\/02\\\/V-sade-Janka-Krala.mp3\",\"type\":\"audio\\\/mpeg\",\"title\":\"V sade Janka Kr\\u00e1\\u013ea\",\"caption\":\"\",\"description\":\"\",\"meta\":{\"artist\":\"Kamil Mikul\\u010d\\u00edk\",\"year\":\"2005\",\"length_formatted\":\"3:10\"},\"image\":{\"src\":\"https:\\\/\\\/www.tulave.sk\\\/wp-includes\\\/images\\\/media\\\/audio.svg\",\"width\":48,\"height\":64},\"thumb\":{\"src\":\"https:\\\/\\\/www.tulave.sk\\\/wp-includes\\\/images\\\/media\\\/audio.svg\",\"width\":48,\"height\":64}},{\"src\":\"https:\\\/\\\/www.tulave.sk\\\/wp-content\\\/uploads\\\/2021\\\/02\\\/Vivat-Lopa\\u0161ov.mp3\",\"type\":\"audio\\\/mpeg\",\"title\":\"Vivat Lopa\\u0161ov!\",\"caption\":\"\",\"description\":\"\",\"meta\":{\"artist\":\"Kamil Mikul\\u010d\\u00edk\",\"year\":\"2005\",\"length_formatted\":\"2:46\"},\"image\":{\"src\":\"https:\\\/\\\/www.tulave.sk\\\/wp-includes\\\/images\\\/media\\\/audio.svg\",\"width\":48,\"height\":64},\"thumb\":{\"src\":\"https:\\\/\\\/www.tulave.sk\\\/wp-includes\\\/images\\\/media\\\/audio.svg\",\"width\":48,\"height\":64}},{\"src\":\"https:\\\/\\\/www.tulave.sk\\\/wp-content\\\/uploads\\\/2021\\\/02\\\/Tango.mp3\",\"type\":\"audio\\\/mpeg\",\"title\":\"Tango\",\"caption\":\"\",\"description\":\"\",\"meta\":{\"artist\":\"Kamil Mikul\\u010d\\u00edk\",\"genre\":\"Blues\",\"length_formatted\":\"2:52\"},\"image\":{\"src\":\"https:\\\/\\\/www.tulave.sk\\\/wp-includes\\\/images\\\/media\\\/audio.svg\",\"width\":48,\"height\":64},\"thumb\":{\"src\":\"https:\\\/\\\/www.tulave.sk\\\/wp-includes\\\/images\\\/media\\\/audio.svg\",\"width\":48,\"height\":64}},{\"src\":\"https:\\\/\\\/www.tulave.sk\\\/wp-content\\\/uploads\\\/2021\\\/02\\\/Padly-anjel.mp3\",\"type\":\"audio\\\/mpeg\",\"title\":\"Padl\\u00fd anjel\",\"caption\":\"\",\"description\":\"\",\"meta\":{\"artist\":\"Kamil Mikul\\u010d\\u00edk\",\"genre\":\"Blues\",\"length_formatted\":\"2:27\"},\"image\":{\"src\":\"https:\\\/\\\/www.tulave.sk\\\/wp-includes\\\/images\\\/media\\\/audio.svg\",\"width\":48,\"height\":64},\"thumb\":{\"src\":\"https:\\\/\\\/www.tulave.sk\\\/wp-includes\\\/images\\\/media\\\/audio.svg\",\"width\":48,\"height\":64}},{\"src\":\"https:\\\/\\\/www.tulave.sk\\\/wp-content\\\/uploads\\\/2021\\\/02\\\/Co-mam-NEW_NEW.mp3\",\"type\":\"audio\\\/mpeg\",\"title\":\"\\u010co m\\u00e1m\",\"caption\":\"\",\"description\":\"\",\"meta\":{\"artist\":\"Kamil Mikul\\u010d\\u00edk\",\"length_formatted\":\"3:07\"},\"image\":{\"src\":\"https:\\\/\\\/www.tulave.sk\\\/wp-includes\\\/images\\\/media\\\/audio.svg\",\"width\":48,\"height\":64},\"thumb\":{\"src\":\"https:\\\/\\\/www.tulave.sk\\\/wp-includes\\\/images\\\/media\\\/audio.svg\",\"width\":48,\"height\":64}},{\"src\":\"https:\\\/\\\/www.tulave.sk\\\/wp-content\\\/uploads\\\/2021\\\/02\\\/Blazniva.mp3\",\"type\":\"audio\\\/mpeg\",\"title\":\"Bl\\u00e1zniv\\u00e1\",\"caption\":\"\",\"description\":\"\",\"meta\":{\"artist\":\"Kamil Mikul\\u010d\\u00edk\",\"year\":\"2005\",\"length_formatted\":\"3:39\"},\"image\":{\"src\":\"https:\\\/\\\/www.tulave.sk\\\/wp-includes\\\/images\\\/media\\\/audio.svg\",\"width\":48,\"height\":64},\"thumb\":{\"src\":\"https:\\\/\\\/www.tulave.sk\\\/wp-includes\\\/images\\\/media\\\/audio.svg\",\"width\":48,\"height\":64}},{\"src\":\"https:\\\/\\\/www.tulave.sk\\\/wp-content\\\/uploads\\\/2021\\\/02\\\/Blues-o-Jane.mp3\",\"type\":\"audio\\\/mpeg\",\"title\":\"Blues o Jane\",\"caption\":\"\",\"description\":\"\",\"meta\":{\"artist\":\"Kamil Mikul\\u010d\\u00edk\",\"year\":\"2005\",\"length_formatted\":\"1:59\"},\"image\":{\"src\":\"https:\\\/\\\/www.tulave.sk\\\/wp-includes\\\/images\\\/media\\\/audio.svg\",\"width\":48,\"height\":64},\"thumb\":{\"src\":\"https:\\\/\\\/www.tulave.sk\\\/wp-includes\\\/images\\\/media\\\/audio.svg\",\"width\":48,\"height\":64}},{\"src\":\"https:\\\/\\\/www.tulave.sk\\\/wp-content\\\/uploads\\\/2021\\\/02\\\/Ake-je-to-nadherne.mp3\",\"type\":\"audio\\\/mpeg\",\"title\":\"Ak\\u00e9 je to n\\u00e1dhern\\u00e9\",\"caption\":\"\",\"description\":\"\",\"meta\":{\"artist\":\"Kamil Mikul\\u010d\\u00edk\",\"genre\":\"Blues\",\"length_formatted\":\"3:54\"},\"image\":{\"src\":\"https:\\\/\\\/www.tulave.sk\\\/wp-includes\\\/images\\\/media\\\/audio.svg\",\"width\":48,\"height\":64},\"thumb\":{\"src\":\"https:\\\/\\\/www.tulave.sk\\\/wp-includes\\\/images\\\/media\\\/audio.svg\",\"width\":48,\"height\":64}},{\"src\":\"https:\\\/\\\/www.tulave.sk\\\/wp-content\\\/uploads\\\/2021\\\/02\\\/Prisiel-som-k-v\\u00e1m.mp3\",\"type\":\"audio\\\/mpeg\",\"title\":\"Pri\\u0161iel som k v\\u00e1m\",\"caption\":\"\",\"description\":\"\",\"meta\":{\"artist\":\"Kamil Mikul\\u010d\\u00edk\",\"year\":\"2005\",\"length_formatted\":\"3:35\"},\"image\":{\"src\":\"https:\\\/\\\/www.tulave.sk\\\/wp-includes\\\/images\\\/media\\\/audio.svg\",\"width\":48,\"height\":64},\"thumb\":{\"src\":\"https:\\\/\\\/www.tulave.sk\\\/wp-includes\\\/images\\\/media\\\/audio.svg\",\"width\":48,\"height\":64}}]}<\/script>\n<\/div>\n\t\n<\/div><\/div><\/div><\/div><\/div><\/div><\/div><\/section>\n","protected":false},"excerpt":{"rendered":"Music setsMusic sets Kamil \u017di\u0161ka Podn\u00e1jomn\u00edk strachPierkoOpera o 70.rokochO p\u00e1r rokov viacMan\u00e9\u017eMu\u017eMali\u010dk\u00fd karKeby tak ShakespeareAk\u00e9 je to n\u00e1dhern\u00e9V mali\u010dkom bare\u0160\u0165astieP\u00fapava Music sets Kamil Mikul\u010d\u00edk V sade Janka Kr\u00e1\u013eaVivat Lopa\u0161ov!TangoPadl\u00fd anjel\u010co m\u00e1mBl\u00e1zniv\u00e1Blues o JaneAk\u00e9 je to n\u00e1dhern\u00e9Pri\u0161iel som k v\u00e1m","protected":false},"author":1,"featured_media":0,"parent":0,"menu_order":0,"comment_status":"closed","ping_status":"closed","template":"","meta":{"_acf_changed":false,"footnotes":""},"class_list":["post-8292","page","type-page","status-publish","hentry"],"acf":[],"yoast_head":"<!-- This site is optimized with the Yoast SEO plugin v25.2 - https:\/\/yoast.com\/wordpress\/plugins\/seo\/ -->\n<title>Music sets - T\u00falav\u00e9 divadlo<\/title>\n<meta name=\"robots\" content=\"index, follow, max-snippet:-1, max-image-preview:large, max-video-preview:-1\" \/>\n<link rel=\"canonical\" href=\"https:\/\/www.tulave.sk\/en\/music-sets\/\" \/>\n<meta property=\"og:locale\" content=\"en_US\" \/>\n<meta property=\"og:type\" content=\"article\" \/>\n<meta property=\"og:title\" content=\"Music sets - T\u00falav\u00e9 divadlo\" \/>\n<meta property=\"og:url\" content=\"https:\/\/www.tulave.sk\/en\/music-sets\/\" \/>\n<meta property=\"og:site_name\" content=\"T\u00falav\u00e9 divadlo\" \/>\n<meta property=\"article:modified_time\" content=\"2021-04-22T23:47:18+00:00\" \/>\n<meta name=\"twitter:card\" content=\"summary_large_image\" \/>\n<meta name=\"twitter:label1\" content=\"Est. reading time\" \/>\n\t<meta name=\"twitter:data1\" content=\"1 minute\" \/>\n<script type=\"application\/ld+json\" class=\"yoast-schema-graph\">{\"@context\":\"https:\/\/schema.org\",\"@graph\":[{\"@type\":\"WebPage\",\"@id\":\"https:\/\/www.tulave.sk\/en\/music-sets\/\",\"url\":\"https:\/\/www.tulave.sk\/en\/music-sets\/\",\"name\":\"Music sets - T\u00falav\u00e9 divadlo\",\"isPartOf\":{\"@id\":\"https:\/\/www.tulave.sk\/en\/#website\"},\"datePublished\":\"2021-03-15T12:54:18+00:00\",\"dateModified\":\"2021-04-22T23:47:18+00:00\",\"breadcrumb\":{\"@id\":\"https:\/\/www.tulave.sk\/en\/music-sets\/#breadcrumb\"},\"inLanguage\":\"en-US\",\"potentialAction\":[{\"@type\":\"ReadAction\",\"target\":[\"https:\/\/www.tulave.sk\/en\/music-sets\/\"]}]},{\"@type\":\"BreadcrumbList\",\"@id\":\"https:\/\/www.tulave.sk\/en\/music-sets\/#breadcrumb\",\"itemListElement\":[{\"@type\":\"ListItem\",\"position\":1,\"name\":\"Home\",\"item\":\"https:\/\/www.tulave.sk\/en\/\"},{\"@type\":\"ListItem\",\"position\":2,\"name\":\"Music sets\"}]},{\"@type\":\"WebSite\",\"@id\":\"https:\/\/www.tulave.sk\/en\/#website\",\"url\":\"https:\/\/www.tulave.sk\/en\/\",\"name\":\"T\u00falav\u00e9 divadlo\",\"description\":\"str\u00e1nka nez\u00e1visl\u00e9ho divadla\",\"potentialAction\":[{\"@type\":\"SearchAction\",\"target\":{\"@type\":\"EntryPoint\",\"urlTemplate\":\"https:\/\/www.tulave.sk\/en\/?s={search_term_string}\"},\"query-input\":{\"@type\":\"PropertyValueSpecification\",\"valueRequired\":true,\"valueName\":\"search_term_string\"}}],\"inLanguage\":\"en-US\"}]}<\/script>\n<!-- \/ Yoast SEO plugin. -->","yoast_head_json":{"title":"Music sets - T\u00falav\u00e9 divadlo","robots":{"index":"index","follow":"follow","max-snippet":"max-snippet:-1","max-image-preview":"max-image-preview:large","max-video-preview":"max-video-preview:-1"},"canonical":"https:\/\/www.tulave.sk\/en\/music-sets\/","og_locale":"en_US","og_type":"article","og_title":"Music sets - T\u00falav\u00e9 divadlo","og_url":"https:\/\/www.tulave.sk\/en\/music-sets\/","og_site_name":"T\u00falav\u00e9 divadlo","article_modified_time":"2021-04-22T23:47:18+00:00","twitter_card":"summary_large_image","twitter_misc":{"Est. reading time":"1 minute"},"schema":{"@context":"https:\/\/schema.org","@graph":[{"@type":"WebPage","@id":"https:\/\/www.tulave.sk\/en\/music-sets\/","url":"https:\/\/www.tulave.sk\/en\/music-sets\/","name":"Music sets - T\u00falav\u00e9 divadlo","isPartOf":{"@id":"https:\/\/www.tulave.sk\/en\/#website"},"datePublished":"2021-03-15T12:54:18+00:00","dateModified":"2021-04-22T23:47:18+00:00","breadcrumb":{"@id":"https:\/\/www.tulave.sk\/en\/music-sets\/#breadcrumb"},"inLanguage":"en-US","potentialAction":[{"@type":"ReadAction","target":["https:\/\/www.tulave.sk\/en\/music-sets\/"]}]},{"@type":"BreadcrumbList","@id":"https:\/\/www.tulave.sk\/en\/music-sets\/#breadcrumb","itemListElement":[{"@type":"ListItem","position":1,"name":"Home","item":"https:\/\/www.tulave.sk\/en\/"},{"@type":"ListItem","position":2,"name":"Music sets"}]},{"@type":"WebSite","@id":"https:\/\/www.tulave.sk\/en\/#website","url":"https:\/\/www.tulave.sk\/en\/","name":"T\u00falav\u00e9 divadlo","description":"str\u00e1nka nez\u00e1visl\u00e9ho divadla","potentialAction":[{"@type":"SearchAction","target":{"@type":"EntryPoint","urlTemplate":"https:\/\/www.tulave.sk\/en\/?s={search_term_string}"},"query-input":{"@type":"PropertyValueSpecification","valueRequired":true,"valueName":"search_term_string"}}],"inLanguage":"en-US"}]}},"_links":{"self":[{"href":"https:\/\/www.tulave.sk\/en\/wp-json\/wp\/v2\/pages\/8292","targetHints":{"allow":["GET"]}}],"collection":[{"href":"https:\/\/www.tulave.sk\/en\/wp-json\/wp\/v2\/pages"}],"about":[{"href":"https:\/\/www.tulave.sk\/en\/wp-json\/wp\/v2\/types\/page"}],"author":[{"embeddable":true,"href":"https:\/\/www.tulave.sk\/en\/wp-json\/wp\/v2\/users\/1"}],"replies":[{"embeddable":true,"href":"https:\/\/www.tulave.sk\/en\/wp-json\/wp\/v2\/comments?post=8292"}],"version-history":[{"count":7,"href":"https:\/\/www.tulave.sk\/en\/wp-json\/wp\/v2\/pages\/8292\/revisions"}],"predecessor-version":[{"id":8575,"href":"https:\/\/www.tulave.sk\/en\/wp-json\/wp\/v2\/pages\/8292\/revisions\/8575"}],"wp:attachment":[{"href":"https:\/\/www.tulave.sk\/en\/wp-json\/wp\/v2\/media?parent=8292"}],"curies":[{"name":"wp","href":"https:\/\/api.w.org\/{rel}","templated":true}]}}