{"id":8296,"date":"2021-03-15T13:57:15","date_gmt":"2021-03-15T12:57:15","guid":{"rendered":"https:\/\/www.tulave.sk\/contact\/"},"modified":"2021-04-22T22:14:37","modified_gmt":"2021-04-22T20:14:37","slug":"contact","status":"publish","type":"page","link":"https:\/\/www.tulave.sk\/en\/contact\/","title":{"rendered":"Contact"},"content":{"rendered":"<section class=\"l-section wpb_row height_small color_alternate with_img parallax_hor bgwidth_110\"><div class=\"l-section-img\" role=\"img\" data-img-width=\"2296\" data-img-height=\"700\" style=\"background-image: url(https:\/\/www.tulave.sk\/wp-content\/uploads\/2021\/01\/TAPETA_05.jpg);\"><\/div><div class=\"l-section-overlay\" style=\"background:rgba(255,255,255,0.8)\"><\/div><div class=\"l-section-h i-cf\"><div class=\"g-cols vc_row via_flex valign_middle type_default stacking_default\"><div class=\"vc_col-sm-12 wpb_column vc_column_container\"><div class=\"vc_column-inner\"><div class=\"wpb_wrapper\"><h1 class=\"w-post-elm post_title us_custom_95ebd667 has_text_color align_center entry-title color_link_inherit\">Contact<\/h1><\/div><\/div><\/div><\/div><\/div><\/section><section class=\"l-section wpb_row us_custom_2b930cc5 height_auto color_primary type_sticky\"><div class=\"l-section-h i-cf\"><div class=\"g-cols vc_row via_flex valign_top type_default stacking_default\"><div class=\"vc_col-sm-12 wpb_column vc_column_container\"><div class=\"vc_column-inner\"><div class=\"wpb_wrapper\"><\/div><\/div><\/div><\/div><\/div><\/section><section class=\"l-section wpb_row height_auto\"><div class=\"l-section-h i-cf\"><div class=\"g-cols vc_row via_flex valign_top type_boxes stacking_default\"><div class=\"vc_col-sm-6 wpb_column vc_column_container\"><div class=\"vc_column-inner\"><div class=\"wpb_wrapper\"><div class=\"w-separator size_large\"><\/div><div class=\"g-cols wpb_row via_flex valign_top type_default stacking_default\"><div class=\"vc_col-sm-6 wpb_column vc_column_container\"><div class=\"vc_column-inner\"><div class=\"wpb_wrapper\"><div class=\"w-iconbox us_custom_14e19a50 iconpos_left style_default color_primary align_left\"><div class=\"w-iconbox-icon\" style=\"font-size:2.5rem;\"><i class=\"fal fa-map-marker-alt\"><\/i><\/div><div class=\"w-iconbox-meta\"><h5 class=\"w-iconbox-title\" style=\"font-size:1rem;\">Theatre<\/h5><div class=\"w-iconbox-text\"><p>T\u00falav\u00e9 divadlo, o.z.<br \/>\nV. Clementisa 16<br \/>\n917 01 Trnava<\/p>\n<\/div><\/div><\/div><\/div><\/div><\/div><div class=\"vc_col-sm-6 wpb_column vc_column_container\"><div class=\"vc_column-inner\"><div class=\"wpb_wrapper\"><div class=\"w-iconbox iconpos_left style_default color_primary align_left\"><div class=\"w-iconbox-icon\" style=\"font-size:2.5rem;\"><i class=\"fal fa-map-marker-alt\"><\/i><\/div><div class=\"w-iconbox-meta\"><h5 class=\"w-iconbox-title\" style=\"font-size:1rem;\">Agency<\/h5><div class=\"w-iconbox-text\"><p>Mana, s.r.o.<br \/>\nN\u00e1rodn\u00e1 7<br \/>\n974 01 Bansk\u00e1 Bystrica<\/p>\n<p>objedn\u00e1vky:\u00a0\u00a0\u00a0 <a href=\"mailto:mana@mana.sk\">mana@mana.sk<\/a><\/p>\n<p>+421 48 4124 007<br \/>\n+421 905 265 947<\/p>\n<\/div><\/div><\/div><\/div><\/div><\/div><\/div><\/div><\/div><\/div><div class=\"vc_col-sm-6 wpb_column vc_column_container us_animate_afl\"><div class=\"vc_column-inner\"><div class=\"wpb_wrapper\"><div class=\"w-image us_custom_796a5d65 align_none us_animate_afl\"><div class=\"w-image-h\"><img decoding=\"async\" width=\"907\" height=\"741\" src=\"https:\/\/www.tulave.sk\/wp-content\/uploads\/2021\/01\/TAPETA_tulavec_POSTAR_B.jpg\" class=\"attachment-large size-large\" alt=\"\" loading=\"lazy\" srcset=\"https:\/\/www.tulave.sk\/wp-content\/uploads\/2021\/01\/TAPETA_tulavec_POSTAR_B.jpg 907w, https:\/\/www.tulave.sk\/wp-content\/uploads\/2021\/01\/TAPETA_tulavec_POSTAR_B-300x245.jpg 300w\" sizes=\"auto, (max-width: 907px) 100vw, 907px\" \/><\/div><\/div><\/div><\/div><\/div><\/div><\/div><\/section>\n","protected":false},"excerpt":{"rendered":"ContactTheatreT\u00falav\u00e9 divadlo, o.z. V. Clementisa 16 917 01 Trnava AgencyMana, s.r.o. N\u00e1rodn\u00e1 7 974 01 Bansk\u00e1 Bystrica objedn\u00e1vky:\u00a0\u00a0\u00a0 mana@mana.sk +421 48 4124 007 +421 905 265 947","protected":false},"author":1,"featured_media":0,"parent":0,"menu_order":0,"comment_status":"closed","ping_status":"closed","template":"","meta":{"_acf_changed":false,"footnotes":""},"class_list":["post-8296","page","type-page","status-publish","hentry"],"acf":[],"yoast_head":"<!-- This site is optimized with the Yoast SEO plugin v25.2 - https:\/\/yoast.com\/wordpress\/plugins\/seo\/ -->\n<title>Contact - T\u00falav\u00e9 divadlo<\/title>\n<meta name=\"robots\" content=\"index, follow, max-snippet:-1, max-image-preview:large, max-video-preview:-1\" \/>\n<link rel=\"canonical\" href=\"https:\/\/www.tulave.sk\/en\/contact\/\" \/>\n<meta property=\"og:locale\" content=\"en_US\" \/>\n<meta property=\"og:type\" content=\"article\" \/>\n<meta property=\"og:title\" content=\"Contact - T\u00falav\u00e9 divadlo\" \/>\n<meta property=\"og:url\" content=\"https:\/\/www.tulave.sk\/en\/contact\/\" \/>\n<meta property=\"og:site_name\" content=\"T\u00falav\u00e9 divadlo\" \/>\n<meta property=\"article:modified_time\" content=\"2021-04-22T20:14:37+00:00\" \/>\n<meta name=\"twitter:card\" content=\"summary_large_image\" \/>\n<meta name=\"twitter:label1\" content=\"Est. reading time\" \/>\n\t<meta name=\"twitter:data1\" content=\"1 minute\" \/>\n<script type=\"application\/ld+json\" class=\"yoast-schema-graph\">{\"@context\":\"https:\/\/schema.org\",\"@graph\":[{\"@type\":\"WebPage\",\"@id\":\"https:\/\/www.tulave.sk\/en\/contact\/\",\"url\":\"https:\/\/www.tulave.sk\/en\/contact\/\",\"name\":\"Contact - T\u00falav\u00e9 divadlo\",\"isPartOf\":{\"@id\":\"https:\/\/www.tulave.sk\/en\/#website\"},\"datePublished\":\"2021-03-15T12:57:15+00:00\",\"dateModified\":\"2021-04-22T20:14:37+00:00\",\"breadcrumb\":{\"@id\":\"https:\/\/www.tulave.sk\/en\/contact\/#breadcrumb\"},\"inLanguage\":\"en-US\",\"potentialAction\":[{\"@type\":\"ReadAction\",\"target\":[\"https:\/\/www.tulave.sk\/en\/contact\/\"]}]},{\"@type\":\"BreadcrumbList\",\"@id\":\"https:\/\/www.tulave.sk\/en\/contact\/#breadcrumb\",\"itemListElement\":[{\"@type\":\"ListItem\",\"position\":1,\"name\":\"Home\",\"item\":\"https:\/\/www.tulave.sk\/en\/\"},{\"@type\":\"ListItem\",\"position\":2,\"name\":\"Contact\"}]},{\"@type\":\"WebSite\",\"@id\":\"https:\/\/www.tulave.sk\/en\/#website\",\"url\":\"https:\/\/www.tulave.sk\/en\/\",\"name\":\"T\u00falav\u00e9 divadlo\",\"description\":\"str\u00e1nka nez\u00e1visl\u00e9ho divadla\",\"potentialAction\":[{\"@type\":\"SearchAction\",\"target\":{\"@type\":\"EntryPoint\",\"urlTemplate\":\"https:\/\/www.tulave.sk\/en\/?s={search_term_string}\"},\"query-input\":{\"@type\":\"PropertyValueSpecification\",\"valueRequired\":true,\"valueName\":\"search_term_string\"}}],\"inLanguage\":\"en-US\"}]}<\/script>\n<!-- \/ Yoast SEO plugin. -->","yoast_head_json":{"title":"Contact - T\u00falav\u00e9 divadlo","robots":{"index":"index","follow":"follow","max-snippet":"max-snippet:-1","max-image-preview":"max-image-preview:large","max-video-preview":"max-video-preview:-1"},"canonical":"https:\/\/www.tulave.sk\/en\/contact\/","og_locale":"en_US","og_type":"article","og_title":"Contact - T\u00falav\u00e9 divadlo","og_url":"https:\/\/www.tulave.sk\/en\/contact\/","og_site_name":"T\u00falav\u00e9 divadlo","article_modified_time":"2021-04-22T20:14:37+00:00","twitter_card":"summary_large_image","twitter_misc":{"Est. reading time":"1 minute"},"schema":{"@context":"https:\/\/schema.org","@graph":[{"@type":"WebPage","@id":"https:\/\/www.tulave.sk\/en\/contact\/","url":"https:\/\/www.tulave.sk\/en\/contact\/","name":"Contact - T\u00falav\u00e9 divadlo","isPartOf":{"@id":"https:\/\/www.tulave.sk\/en\/#website"},"datePublished":"2021-03-15T12:57:15+00:00","dateModified":"2021-04-22T20:14:37+00:00","breadcrumb":{"@id":"https:\/\/www.tulave.sk\/en\/contact\/#breadcrumb"},"inLanguage":"en-US","potentialAction":[{"@type":"ReadAction","target":["https:\/\/www.tulave.sk\/en\/contact\/"]}]},{"@type":"BreadcrumbList","@id":"https:\/\/www.tulave.sk\/en\/contact\/#breadcrumb","itemListElement":[{"@type":"ListItem","position":1,"name":"Home","item":"https:\/\/www.tulave.sk\/en\/"},{"@type":"ListItem","position":2,"name":"Contact"}]},{"@type":"WebSite","@id":"https:\/\/www.tulave.sk\/en\/#website","url":"https:\/\/www.tulave.sk\/en\/","name":"T\u00falav\u00e9 divadlo","description":"str\u00e1nka nez\u00e1visl\u00e9ho divadla","potentialAction":[{"@type":"SearchAction","target":{"@type":"EntryPoint","urlTemplate":"https:\/\/www.tulave.sk\/en\/?s={search_term_string}"},"query-input":{"@type":"PropertyValueSpecification","valueRequired":true,"valueName":"search_term_string"}}],"inLanguage":"en-US"}]}},"_links":{"self":[{"href":"https:\/\/www.tulave.sk\/en\/wp-json\/wp\/v2\/pages\/8296","targetHints":{"allow":["GET"]}}],"collection":[{"href":"https:\/\/www.tulave.sk\/en\/wp-json\/wp\/v2\/pages"}],"about":[{"href":"https:\/\/www.tulave.sk\/en\/wp-json\/wp\/v2\/types\/page"}],"author":[{"embeddable":true,"href":"https:\/\/www.tulave.sk\/en\/wp-json\/wp\/v2\/users\/1"}],"replies":[{"embeddable":true,"href":"https:\/\/www.tulave.sk\/en\/wp-json\/wp\/v2\/comments?post=8296"}],"version-history":[{"count":6,"href":"https:\/\/www.tulave.sk\/en\/wp-json\/wp\/v2\/pages\/8296\/revisions"}],"predecessor-version":[{"id":8458,"href":"https:\/\/www.tulave.sk\/en\/wp-json\/wp\/v2\/pages\/8296\/revisions\/8458"}],"wp:attachment":[{"href":"https:\/\/www.tulave.sk\/en\/wp-json\/wp\/v2\/media?parent=8296"}],"curies":[{"name":"wp","href":"https:\/\/api.w.org\/{rel}","templated":true}]}}