{"id":8299,"date":"2021-03-15T14:02:13","date_gmt":"2021-03-15T13:02:13","guid":{"rendered":"https:\/\/www.tulave.sk\/home\/"},"modified":"2021-12-06T16:34:21","modified_gmt":"2021-12-06T15:34:21","slug":"home","status":"publish","type":"page","link":"https:\/\/www.tulave.sk\/en\/","title":{"rendered":"Home"},"content":{"rendered":"<section class=\"l-section wpb_row height_auto width_full\"><div class=\"l-section-h i-cf\"><div class=\"g-cols vc_row via_flex valign_middle type_default stacking_default\"><div class=\"vc_col-sm-12 wpb_column vc_column_container\"><div class=\"vc_column-inner\"><div class=\"wpb_wrapper\"><div class=\"w-slider style_none fit_cover nav_none count_3\"><div class=\"w-slider-h\"><div class=\"royalSlider\"><div class=\"rsContent\"><a class=\"rsImg\" data-rsw=\"1700\" data-rsh=\"900\" href=\"https:\/\/www.tulave.sk\/wp-content\/uploads\/2021\/01\/HP_FOTO_01.jpg\"><span data-alt=\"\"><\/span><\/a><\/div><div class=\"rsContent\"><a class=\"rsImg\" data-rsw=\"1700\" data-rsh=\"900\" href=\"https:\/\/www.tulave.sk\/wp-content\/uploads\/2021\/01\/HP_FOTO_02.jpg\"><span data-alt=\"\"><\/span><\/a><\/div><div class=\"rsContent\"><a class=\"rsImg\" data-rsw=\"1700\" data-rsh=\"900\" href=\"https:\/\/www.tulave.sk\/wp-content\/uploads\/2021\/01\/HP_FOTO_03.jpg\"><span data-alt=\"\"><\/span><\/a><\/div><\/div><img decoding=\"async\" src=\"https:\/\/www.tulave.sk\/wp-content\/uploads\/2021\/01\/HP_FOTO_01.jpg\" width=\"1700\" height=\"900\" alt loading=\"lazy\"><\/div><div class=\"w-slider-json\" onclick='return {&quot;autoScaleSlider&quot;:true,&quot;addActiveClass&quot;:true,&quot;loop&quot;:true,&quot;fadeInLoadedSlide&quot;:false,&quot;slidesSpacing&quot;:0,&quot;imageScalePadding&quot;:0,&quot;numImagesToPreload&quot;:2,&quot;arrowsNav&quot;:true,&quot;arrowsNavAutoHide&quot;:true,&quot;transitionType&quot;:&quot;fade&quot;,&quot;transitionSpeed&quot;:1000,&quot;block&quot;:{&quot;moveEffect&quot;:&quot;none&quot;,&quot;speed&quot;:300},&quot;thumbs&quot;:{&quot;fitInViewport&quot;:false,&quot;firstMargin&quot;:false,&quot;spacing&quot;:4},&quot;controlNavigation&quot;:&quot;none&quot;,&quot;autoplay&quot;:{&quot;enabled&quot;:true,&quot;pauseOnHover&quot;:false,&quot;delay&quot;:5000},&quot;autoScaleSliderWidth&quot;:1700,&quot;autoScaleSliderHeight&quot;:900}'><\/div><\/div><div class=\"w-separator size_small\"><\/div><\/div><\/div><\/div><\/div><\/div><\/section><section class=\"l-section wpb_row height_small\" id=\"reper\"><div class=\"l-section-h i-cf\"><div class=\"g-cols vc_row via_flex valign_top type_default stacking_default\"><div class=\"vc_col-sm-12 wpb_column vc_column_container us_animate_afb\"><div class=\"vc_column-inner\"><div class=\"wpb_wrapper\"><div class=\"wpb_text_column\"><div class=\"wpb_wrapper\"><h2><strong>Repertoire<\/strong><\/h2>\n<\/div><\/div><\/div><\/div><\/div><\/div><\/div><\/section><section class=\"l-section wpb_row us_custom_2b930cc5 height_auto color_primary type_sticky\"><div class=\"l-section-h i-cf\"><div class=\"g-cols vc_row via_flex valign_top type_default stacking_default\"><div class=\"vc_col-sm-12 wpb_column vc_column_container\"><div class=\"vc_column-inner\"><div class=\"wpb_wrapper\"><\/div><\/div><\/div><\/div><\/div><\/section><section class=\"l-section wpb_row height_auto width_full color_alternate parallax_hor bgwidth_110\"><div class=\"l-section-overlay\" style=\"background:rgba(255,255,255,0.8)\"><\/div><div class=\"l-section-h i-cf\"><div class=\"g-cols vc_row via_flex valign_top type_default stacking_default\"><div class=\"vc_col-sm-12 wpb_column vc_column_container us_animate_fade\"><div class=\"vc_column-inner\"><div class=\"wpb_wrapper\"><div class=\"w-grid type_masonry layout_5987 cols_3 with_isotope with_css_animation ratio_3x2\" id=\"us_grid_1\" style=\"--columns:3;--item-ratio:0.66667;\" data-filterable=\"true\"><style>@media (max-width:1380px){#us_grid_1{--columns:2!important}}@media (max-width:1024px){#us_grid_1{--columns:2!important}}@media (max-width:600px){#us_grid_1{--columns:1!important}}.layout_5987 .w-grid-item-h{}.layout_5987 .usg_post_image_1{transition-duration:0.4s;transform-origin:50% 50%;transform:scale(0.3) translate(0%,0%)}.layout_5987 .w-grid-item-h:focus-within .usg_post_image_1,.layout_5987 .w-grid-item-h:hover .usg_post_image_1{transform:scale(1) translate(0%,0%);opacity:1}.layout_5987 .usg_vwrapper_1{transition-duration:0.4s;transform-origin:50% 50%;transform:scale(1) translate(0%,0%)}.layout_5987 .w-grid-item-h:focus-within .usg_vwrapper_1,.layout_5987 .w-grid-item-h:hover .usg_vwrapper_1{transform:scale(2) translate(-50%,-50%);opacity:0}.layout_5987 .usg_post_image_1{position:absolute!important;left:0!important;top:0!important;bottom:0!important;right:0!important}.layout_5987 .usg_vwrapper_1{position:absolute!important;top:0!important;right:0!important;left:0!important;padding-top:8%!important;padding-right:33%!important;padding-left:8%!important}.layout_5987 .usg_post_title_1{color:inherit!important;font-weight:600!important;font-size:calc(1.0rem + 1,2vw)!important;line-height:50px!important}<\/style><div class=\"w-grid-list\">\t<article class=\"w-grid-item us_animate_afb off_autostart size_1x1 post-8380 us_portfolio type-us_portfolio status-publish has-post-thumbnail hentry us_portfolio_category-repertoire\" data-id=\"8380\" style=\"animation-delay:0s\">\r\n\t\t<div class=\"w-grid-item-h\" style=\"background:#1a1a1a;color:#ffffff;\">\r\n\t\t\t\t\t\t\t<a href=\"https:\/\/www.tulave.sk\/en\/cyrano-of-the-farce-about-the-nose\/\" class=\"w-grid-item-anchor\" aria-label=\"Cyrano or the Farce about the Nose\"><\/a>\r\n\t\t\t\t\t\t<div class=\"w-post-elm post_image usg_post_image_1 grid_corner_image as_circle stretched\"><img loading=\"lazy\" decoding=\"async\" width=\"1024\" height=\"732\" src=\"https:\/\/www.tulave.sk\/wp-content\/uploads\/2021\/01\/Tulave_divadlo_Cyarano-_1-1024x732.jpg\" class=\"attachment-large size-large wp-post-image\" alt=\"\" srcset=\"https:\/\/www.tulave.sk\/wp-content\/uploads\/2021\/01\/Tulave_divadlo_Cyarano-_1-1024x732.jpg 1024w, https:\/\/www.tulave.sk\/wp-content\/uploads\/2021\/01\/Tulave_divadlo_Cyarano-_1-300x214.jpg 300w, https:\/\/www.tulave.sk\/wp-content\/uploads\/2021\/01\/Tulave_divadlo_Cyarano-_1-1536x1098.jpg 1536w\" sizes=\"auto, (max-width: 1024px) 100vw, 1024px\" \/><\/div><div class=\"w-vwrapper usg_vwrapper_1 align_left valign_top\"><h4 class=\"w-post-elm post_title usg_post_title_1 has_text_color entry-title color_link_inherit\">Cyrano or the Farce about the Nose<\/h4><\/div>\t\t<\/div>\r\n\t\t\t<\/article>\r\n\t<article class=\"w-grid-item us_animate_afb off_autostart size_1x1 post-8358 us_portfolio type-us_portfolio status-publish has-post-thumbnail hentry us_portfolio_category-repertoire\" data-id=\"8358\" style=\"animation-delay:0.1s\">\r\n\t\t<div class=\"w-grid-item-h\" style=\"background:#ffffff;color:#1a1a1a;\">\r\n\t\t\t\t\t\t\t<a href=\"https:\/\/www.tulave.sk\/en\/hamlet-or-the-recognition-of-a-skull\/\" class=\"w-grid-item-anchor\" aria-label=\"Hamlet or The Recognition of a Skull\"><\/a>\r\n\t\t\t\t\t\t<div class=\"w-post-elm post_image usg_post_image_1 grid_corner_image as_circle stretched\"><img loading=\"lazy\" decoding=\"async\" width=\"1024\" height=\"671\" src=\"https:\/\/www.tulave.sk\/wp-content\/uploads\/2021\/01\/Tulave_divadlo_Hamlet_alebo_N\u00e1lez_lebky-1024x671.jpg\" class=\"attachment-large size-large wp-post-image\" alt=\"\" srcset=\"https:\/\/www.tulave.sk\/wp-content\/uploads\/2021\/01\/Tulave_divadlo_Hamlet_alebo_N\u00e1lez_lebky-1024x671.jpg 1024w, https:\/\/www.tulave.sk\/wp-content\/uploads\/2021\/01\/Tulave_divadlo_Hamlet_alebo_N\u00e1lez_lebky-300x197.jpg 300w, https:\/\/www.tulave.sk\/wp-content\/uploads\/2021\/01\/Tulave_divadlo_Hamlet_alebo_N\u00e1lez_lebky-1536x1006.jpg 1536w\" sizes=\"auto, (max-width: 1024px) 100vw, 1024px\" \/><\/div><div class=\"w-vwrapper usg_vwrapper_1 align_left valign_top\"><h4 class=\"w-post-elm post_title usg_post_title_1 has_text_color entry-title color_link_inherit\">Hamlet or The Recognition of a Skull<\/h4><\/div>\t\t<\/div>\r\n\t\t\t<\/article>\r\n\t<article class=\"w-grid-item us_animate_afb off_autostart size_1x1 post-8356 us_portfolio type-us_portfolio status-publish has-post-thumbnail hentry us_portfolio_category-repertoire\" data-id=\"8356\" style=\"animation-delay:0.2s\">\r\n\t\t<div class=\"w-grid-item-h\" style=\"background:#1a1a1a;color:#ffffff;\">\r\n\t\t\t\t\t\t\t<a href=\"https:\/\/www.tulave.sk\/en\/century-of-humour\/\" class=\"w-grid-item-anchor\" aria-label=\"Century of Humour\"><\/a>\r\n\t\t\t\t\t\t<div class=\"w-post-elm post_image usg_post_image_1 grid_corner_image as_circle stretched\"><img loading=\"lazy\" decoding=\"async\" width=\"1024\" height=\"688\" src=\"https:\/\/www.tulave.sk\/wp-content\/uploads\/2021\/01\/Tulave_divadlo_Storocie_humoru_4.jpg\" class=\"attachment-large size-large wp-post-image\" alt=\"\" srcset=\"https:\/\/www.tulave.sk\/wp-content\/uploads\/2021\/01\/Tulave_divadlo_Storocie_humoru_4.jpg 1024w, https:\/\/www.tulave.sk\/wp-content\/uploads\/2021\/01\/Tulave_divadlo_Storocie_humoru_4-300x202.jpg 300w\" sizes=\"auto, (max-width: 1024px) 100vw, 1024px\" \/><\/div><div class=\"w-vwrapper usg_vwrapper_1 align_left valign_top\"><h4 class=\"w-post-elm post_title usg_post_title_1 has_text_color entry-title color_link_inherit\">Century of Humour<\/h4><\/div>\t\t<\/div>\r\n\t\t\t<\/article>\r\n\t<article class=\"w-grid-item us_animate_afb off_autostart size_1x1 post-8354 us_portfolio type-us_portfolio status-publish has-post-thumbnail hentry us_portfolio_category-repertoire\" data-id=\"8354\" style=\"animation-delay:0.3s\">\r\n\t\t<div class=\"w-grid-item-h\" style=\"background:#ffffff;color:#333333;\">\r\n\t\t\t\t\t\t\t<a href=\"https:\/\/www.tulave.sk\/en\/romeo-julia-a-virus\/\" class=\"w-grid-item-anchor\" aria-label=\"Romeo, Juliet and the Virus\"><\/a>\r\n\t\t\t\t\t\t<div class=\"w-post-elm post_image usg_post_image_1 grid_corner_image as_circle stretched\"><img loading=\"lazy\" decoding=\"async\" width=\"800\" height=\"532\" src=\"https:\/\/www.tulave.sk\/wp-content\/uploads\/2021\/01\/Tulave_divadlo_Romeo_Julia_a_virus.jpg\" class=\"attachment-large size-large wp-post-image\" alt=\"\" srcset=\"https:\/\/www.tulave.sk\/wp-content\/uploads\/2021\/01\/Tulave_divadlo_Romeo_Julia_a_virus.jpg 800w, https:\/\/www.tulave.sk\/wp-content\/uploads\/2021\/01\/Tulave_divadlo_Romeo_Julia_a_virus-300x200.jpg 300w, https:\/\/www.tulave.sk\/wp-content\/uploads\/2021\/01\/Tulave_divadlo_Romeo_Julia_a_virus-600x400.jpg 600w\" sizes=\"auto, (max-width: 800px) 100vw, 800px\" \/><\/div><div class=\"w-vwrapper usg_vwrapper_1 align_left valign_top\"><h4 class=\"w-post-elm post_title usg_post_title_1 has_text_color entry-title color_link_inherit\">Romeo, Juliet and the Virus<\/h4><\/div>\t\t<\/div>\r\n\t\t\t<\/article>\r\n\t<article class=\"w-grid-item us_animate_afb off_autostart size_1x1 post-8352 us_portfolio type-us_portfolio status-publish has-post-thumbnail hentry us_portfolio_category-repertoire\" data-id=\"8352\" style=\"animation-delay:0.4s\">\r\n\t\t<div class=\"w-grid-item-h\" style=\"background:#ffffff;color:#333333;\">\r\n\t\t\t\t\t\t\t<a href=\"https:\/\/www.tulave.sk\/en\/the-exam-from-the-compulsory-literature\/\" class=\"w-grid-item-anchor\" aria-label=\"The Exam from the Compulsory Literature\"><\/a>\r\n\t\t\t\t\t\t<div class=\"w-post-elm post_image usg_post_image_1 grid_corner_image as_circle stretched\"><img loading=\"lazy\" decoding=\"async\" width=\"1024\" height=\"576\" src=\"https:\/\/www.tulave.sk\/wp-content\/uploads\/2021\/01\/Tulave_divadlo_Reparat_z_povinneho_citania-1024x576.jpg\" class=\"attachment-large size-large wp-post-image\" alt=\"\" srcset=\"https:\/\/www.tulave.sk\/wp-content\/uploads\/2021\/01\/Tulave_divadlo_Reparat_z_povinneho_citania-1024x576.jpg 1024w, https:\/\/www.tulave.sk\/wp-content\/uploads\/2021\/01\/Tulave_divadlo_Reparat_z_povinneho_citania-300x169.jpg 300w, https:\/\/www.tulave.sk\/wp-content\/uploads\/2021\/01\/Tulave_divadlo_Reparat_z_povinneho_citania-1536x864.jpg 1536w, https:\/\/www.tulave.sk\/wp-content\/uploads\/2021\/01\/Tulave_divadlo_Reparat_z_povinneho_citania.jpg 1920w\" sizes=\"auto, (max-width: 1024px) 100vw, 1024px\" \/><\/div><div class=\"w-vwrapper usg_vwrapper_1 align_left valign_top\"><h4 class=\"w-post-elm post_title usg_post_title_1 has_text_color entry-title color_link_inherit\">The Exam from the Compulsory Literature<\/h4><\/div>\t\t<\/div>\r\n\t\t\t<\/article>\r\n\t<article class=\"w-grid-item us_animate_afb off_autostart size_1x1 post-8350 us_portfolio type-us_portfolio status-publish has-post-thumbnail hentry us_portfolio_category-repertoire\" data-id=\"8350\" style=\"animation-delay:0.5s\">\r\n\t\t<div class=\"w-grid-item-h\" style=\"background:#1a1a1a;color:#ffffff;\">\r\n\t\t\t\t\t\t\t<a href=\"https:\/\/www.tulave.sk\/en\/midsummer-night-nonsense\/\" class=\"w-grid-item-anchor\" aria-label=\"Midsummer Night\u00b4s Nonsense\"><\/a>\r\n\t\t\t\t\t\t<div class=\"w-post-elm post_image usg_post_image_1 grid_corner_image as_circle stretched\"><img loading=\"lazy\" decoding=\"async\" width=\"1024\" height=\"655\" src=\"https:\/\/www.tulave.sk\/wp-content\/uploads\/2019\/11\/Tulave_divadlo_Nonsens_noci_svatojanskej.jpg\" class=\"attachment-large size-large wp-post-image\" alt=\"\" srcset=\"https:\/\/www.tulave.sk\/wp-content\/uploads\/2019\/11\/Tulave_divadlo_Nonsens_noci_svatojanskej.jpg 1024w, https:\/\/www.tulave.sk\/wp-content\/uploads\/2019\/11\/Tulave_divadlo_Nonsens_noci_svatojanskej-300x192.jpg 300w\" sizes=\"auto, (max-width: 1024px) 100vw, 1024px\" \/><\/div><div class=\"w-vwrapper usg_vwrapper_1 align_left valign_top\"><h4 class=\"w-post-elm post_title usg_post_title_1 has_text_color entry-title color_link_inherit\">Midsummer Night\u00b4s Nonsense<\/h4><\/div>\t\t<\/div>\r\n\t\t\t<\/article>\r\n<\/div><div class=\"w-grid-preloader\">\t<div class=\"g-preloader type_1\">\r\n\t\t<div><\/div>\r\n\t<\/div>\r\n\t<\/div>\t<div class=\"w-grid-json hidden\" onclick='return {&quot;action&quot;:&quot;us_ajax_grid&quot;,&quot;infinite_scroll&quot;:0,&quot;max_num_pages&quot;:2,&quot;pagination&quot;:&quot;none&quot;,&quot;template_vars&quot;:{&quot;columns&quot;:&quot;3&quot;,&quot;exclude_items&quot;:&quot;none&quot;,&quot;img_size&quot;:&quot;large&quot;,&quot;ignore_items_size&quot;:0,&quot;items_layout&quot;:&quot;5987&quot;,&quot;items_offset&quot;:&quot;1&quot;,&quot;load_animation&quot;:&quot;afb&quot;,&quot;overriding_link&quot;:&quot;%7B%22type%22%3A%22post%22%7D&quot;,&quot;post_id&quot;:0,&quot;query_args&quot;:{&quot;post_type&quot;:[&quot;us_portfolio&quot;],&quot;tax_query&quot;:[{&quot;taxonomy&quot;:&quot;us_portfolio_category&quot;,&quot;field&quot;:&quot;slug&quot;,&quot;terms&quot;:[&quot;repertoire&quot;]}],&quot;post_status&quot;:[&quot;publish&quot;,&quot;acf-disabled&quot;],&quot;posts_per_page&quot;:&quot;6&quot;},&quot;orderby_query_args&quot;:{&quot;orderby&quot;:{&quot;date&quot;:&quot;DESC&quot;}},&quot;type&quot;:&quot;masonry&quot;,&quot;us_grid_post_type&quot;:&quot;us_portfolio&quot;,&quot;us_grid_ajax_index&quot;:1,&quot;us_grid_filter_query_string&quot;:null,&quot;us_grid_index&quot;:1,&quot;page_args&quot;:[],&quot;lang&quot;:&quot;en&quot;}}'><\/div>\r\n\t<\/div><div class=\"w-separator size_medium\"><\/div><div class=\"w-btn-wrapper align_center\"><a class=\"w-btn us-btn-style_1 us_custom_09995a81 icon_atright\" title=\"Repertoire\" href=\"https:\/\/www.tulave.sk\/en\/repertoire\/\"><span class=\"w-btn-label\">Repertoire<\/span><i class=\"fal fa-angle-right\"><\/i><\/a><\/div><\/div><\/div><\/div><\/div><\/div><\/section>\n","protected":false},"excerpt":{"rendered":"Midsummer Night\u00b4s NonsenseYou know , Jo\u017eko, about love&#8230;all these emotions, rhymes, short messages..everyone of us has a big love in his heart, bigger than all the other loves&#8230; PREMIERE: 26th of\u00a0 February 2017, The Theatre below the Deck AUTHOR: Jakub Nvota STAGE SET AND COSTUMES: Nata\u0161a \u0160tefunkov\u00e1 MUSIC: selection T\u00falav\u00e9 divadlo is well known for...","protected":false},"author":1,"featured_media":0,"parent":0,"menu_order":0,"comment_status":"closed","ping_status":"closed","template":"","meta":{"_acf_changed":false,"footnotes":""},"class_list":["post-8299","page","type-page","status-publish","hentry"],"acf":[],"yoast_head":"<!-- This site is optimized with the Yoast SEO plugin v25.2 - https:\/\/yoast.com\/wordpress\/plugins\/seo\/ -->\n<title>Home - T\u00falav\u00e9 divadlo<\/title>\n<meta name=\"robots\" content=\"index, follow, max-snippet:-1, max-image-preview:large, max-video-preview:-1\" \/>\n<link rel=\"canonical\" href=\"https:\/\/www.tulave.sk\/en\/\" \/>\n<meta property=\"og:locale\" content=\"en_US\" \/>\n<meta property=\"og:type\" content=\"article\" \/>\n<meta property=\"og:title\" content=\"Home - T\u00falav\u00e9 divadlo\" \/>\n<meta property=\"og:url\" content=\"https:\/\/www.tulave.sk\/en\/\" \/>\n<meta property=\"og:site_name\" content=\"T\u00falav\u00e9 divadlo\" \/>\n<meta property=\"article:modified_time\" content=\"2021-12-06T15:34:21+00:00\" \/>\n<meta name=\"twitter:card\" content=\"summary_large_image\" \/>\n<meta name=\"twitter:label1\" content=\"Est. reading time\" \/>\n\t<meta name=\"twitter:data1\" content=\"1 minute\" \/>\n<script type=\"application\/ld+json\" class=\"yoast-schema-graph\">{\"@context\":\"https:\/\/schema.org\",\"@graph\":[{\"@type\":\"WebPage\",\"@id\":\"https:\/\/www.tulave.sk\/en\/\",\"url\":\"https:\/\/www.tulave.sk\/en\/\",\"name\":\"Home - T\u00falav\u00e9 divadlo\",\"isPartOf\":{\"@id\":\"https:\/\/www.tulave.sk\/en\/#website\"},\"datePublished\":\"2021-03-15T13:02:13+00:00\",\"dateModified\":\"2021-12-06T15:34:21+00:00\",\"breadcrumb\":{\"@id\":\"https:\/\/www.tulave.sk\/en\/#breadcrumb\"},\"inLanguage\":\"en-US\",\"potentialAction\":[{\"@type\":\"ReadAction\",\"target\":[\"https:\/\/www.tulave.sk\/en\/\"]}]},{\"@type\":\"BreadcrumbList\",\"@id\":\"https:\/\/www.tulave.sk\/en\/#breadcrumb\",\"itemListElement\":[{\"@type\":\"ListItem\",\"position\":1,\"name\":\"Home\",\"item\":\"https:\/\/www.tulave.sk\/en\/\"},{\"@type\":\"ListItem\",\"position\":2,\"name\":\"Home\"}]},{\"@type\":\"WebSite\",\"@id\":\"https:\/\/www.tulave.sk\/en\/#website\",\"url\":\"https:\/\/www.tulave.sk\/en\/\",\"name\":\"T\u00falav\u00e9 divadlo\",\"description\":\"str\u00e1nka nez\u00e1visl\u00e9ho divadla\",\"potentialAction\":[{\"@type\":\"SearchAction\",\"target\":{\"@type\":\"EntryPoint\",\"urlTemplate\":\"https:\/\/www.tulave.sk\/en\/?s={search_term_string}\"},\"query-input\":{\"@type\":\"PropertyValueSpecification\",\"valueRequired\":true,\"valueName\":\"search_term_string\"}}],\"inLanguage\":\"en-US\"}]}<\/script>\n<!-- \/ Yoast SEO plugin. -->","yoast_head_json":{"title":"Home - T\u00falav\u00e9 divadlo","robots":{"index":"index","follow":"follow","max-snippet":"max-snippet:-1","max-image-preview":"max-image-preview:large","max-video-preview":"max-video-preview:-1"},"canonical":"https:\/\/www.tulave.sk\/en\/","og_locale":"en_US","og_type":"article","og_title":"Home - T\u00falav\u00e9 divadlo","og_url":"https:\/\/www.tulave.sk\/en\/","og_site_name":"T\u00falav\u00e9 divadlo","article_modified_time":"2021-12-06T15:34:21+00:00","twitter_card":"summary_large_image","twitter_misc":{"Est. reading time":"1 minute"},"schema":{"@context":"https:\/\/schema.org","@graph":[{"@type":"WebPage","@id":"https:\/\/www.tulave.sk\/en\/","url":"https:\/\/www.tulave.sk\/en\/","name":"Home - T\u00falav\u00e9 divadlo","isPartOf":{"@id":"https:\/\/www.tulave.sk\/en\/#website"},"datePublished":"2021-03-15T13:02:13+00:00","dateModified":"2021-12-06T15:34:21+00:00","breadcrumb":{"@id":"https:\/\/www.tulave.sk\/en\/#breadcrumb"},"inLanguage":"en-US","potentialAction":[{"@type":"ReadAction","target":["https:\/\/www.tulave.sk\/en\/"]}]},{"@type":"BreadcrumbList","@id":"https:\/\/www.tulave.sk\/en\/#breadcrumb","itemListElement":[{"@type":"ListItem","position":1,"name":"Home","item":"https:\/\/www.tulave.sk\/en\/"},{"@type":"ListItem","position":2,"name":"Home"}]},{"@type":"WebSite","@id":"https:\/\/www.tulave.sk\/en\/#website","url":"https:\/\/www.tulave.sk\/en\/","name":"T\u00falav\u00e9 divadlo","description":"str\u00e1nka nez\u00e1visl\u00e9ho divadla","potentialAction":[{"@type":"SearchAction","target":{"@type":"EntryPoint","urlTemplate":"https:\/\/www.tulave.sk\/en\/?s={search_term_string}"},"query-input":{"@type":"PropertyValueSpecification","valueRequired":true,"valueName":"search_term_string"}}],"inLanguage":"en-US"}]}},"_links":{"self":[{"href":"https:\/\/www.tulave.sk\/en\/wp-json\/wp\/v2\/pages\/8299","targetHints":{"allow":["GET"]}}],"collection":[{"href":"https:\/\/www.tulave.sk\/en\/wp-json\/wp\/v2\/pages"}],"about":[{"href":"https:\/\/www.tulave.sk\/en\/wp-json\/wp\/v2\/types\/page"}],"author":[{"embeddable":true,"href":"https:\/\/www.tulave.sk\/en\/wp-json\/wp\/v2\/users\/1"}],"replies":[{"embeddable":true,"href":"https:\/\/www.tulave.sk\/en\/wp-json\/wp\/v2\/comments?post=8299"}],"version-history":[{"count":13,"href":"https:\/\/www.tulave.sk\/en\/wp-json\/wp\/v2\/pages\/8299\/revisions"}],"predecessor-version":[{"id":8964,"href":"https:\/\/www.tulave.sk\/en\/wp-json\/wp\/v2\/pages\/8299\/revisions\/8964"}],"wp:attachment":[{"href":"https:\/\/www.tulave.sk\/en\/wp-json\/wp\/v2\/media?parent=8299"}],"curies":[{"name":"wp","href":"https:\/\/api.w.org\/{rel}","templated":true}]}}