{"id":8306,"date":"2021-03-15T14:04:38","date_gmt":"2021-03-15T13:04:38","guid":{"rendered":"https:\/\/www.tulave.sk\/programme\/"},"modified":"2021-03-15T14:04:39","modified_gmt":"2021-03-15T13:04:39","slug":"programme","status":"publish","type":"page","link":"https:\/\/www.tulave.sk\/en\/programme\/","title":{"rendered":"Programme"},"content":{"rendered":"<section class=\"l-section wpb_row height_custom color_alternate with_img parallax_hor bgwidth_110\"><div class=\"l-section-img\" role=\"img\" data-img-width=\"2296\" data-img-height=\"700\" style=\"background-image: url(https:\/\/www.tulave.sk\/wp-content\/uploads\/2021\/01\/TAPETA_05.jpg);\"><\/div><div class=\"l-section-overlay\" style=\"background:rgba(255,255,255,0.8)\"><\/div><div class=\"l-section-h i-cf\"><div class=\"g-cols vc_row via_flex valign_middle type_default stacking_default\"><div class=\"vc_col-sm-12 wpb_column vc_column_container\"><div class=\"vc_column-inner\"><div class=\"wpb_wrapper\"><h1 class=\"w-post-elm post_title us_custom_95ebd667 has_text_color align_center entry-title color_link_inherit\">Programme<\/h1><\/div><\/div><\/div><\/div><\/div><\/section><section class=\"l-section wpb_row us_custom_5c0dde35 height_auto color_primary type_sticky\"><div class=\"l-section-h i-cf\"><div class=\"g-cols vc_row via_flex valign_top type_default stacking_default\"><div class=\"vc_col-sm-12 wpb_column vc_column_container\"><div class=\"vc_column-inner\"><div class=\"wpb_wrapper\"><\/div><\/div><\/div><\/div><\/div><\/section><section class=\"l-section wpb_row height_custom\"><div class=\"l-section-h i-cf\"><div class=\"g-cols vc_row via_flex valign_top type_default stacking_default\"><div class=\"vc_col-sm-12 wpb_column vc_column_container\"><div class=\"vc_column-inner\"><div class=\"wpb_wrapper\">[vc_raw_html]W3dwdF9ldmVudHMgZ3JvdXBieT0ibW9udGgiXVsvd3B0X2V2ZW50c10=[\/vc_raw_html]<\/div><\/div><\/div><\/div><\/div><\/section><section class=\"l-section wpb_row height_custom\"><div class=\"l-section-h i-cf\"><div class=\"g-cols vc_row via_flex valign_top type_default stacking_default\"><div class=\"vc_col-sm-12 wpb_column vc_column_container\"><div class=\"vc_column-inner\"><div class=\"wpb_wrapper\">[vc_raw_html]W3dwdF9ldmVudHNdIHt7dGh1bWJuYWlsfX0gPGg2Pnt7dGl0bGV8cGVybWFsaW5rfX0gPC9oNj4ge3tkYXRldGltZX19IHt7bG9jYXRpb259fSBbL3dwdF9ldmVudHNd[\/vc_raw_html][vc_raw_html]W3dwdF9ldmVudHNdIHt7dGh1bWJuYWlsfX0gPGg2Pnt7dGl0bGV8cGVybWFsaW5rfX0gPC9oNj4ge3tkYXRldGltZX19IHt7bG9jYXRpb259fSA8YnIvPnt7dGlja2V0c3xwZXJtYWxpbmt9fSAgWy93cHRfZXZlbnRzXQ==[\/vc_raw_html]<\/div><\/div><\/div><\/div><\/div><\/section>\n","protected":false},"excerpt":{"rendered":"Programme[vc_raw_html]W3dwdF9ldmVudHMgZ3JvdXBieT0ibW9udGgiXVsvd3B0X2V2ZW50c10=[\/vc_raw_html][vc_raw_html]W3dwdF9ldmVudHNdIHt7dGh1bWJuYWlsfX0gPGg2Pnt7dGl0bGV8cGVybWFsaW5rfX0gPC9oNj4ge3tkYXRldGltZX19IHt7bG9jYXRpb259fSBbL3dwdF9ldmVudHNd[\/vc_raw_html][vc_raw_html]W3dwdF9ldmVudHNdIHt7dGh1bWJuYWlsfX0gPGg2Pnt7dGl0bGV8cGVybWFsaW5rfX0gPC9oNj4ge3tkYXRldGltZX19IHt7bG9jYXRpb259fSA8YnIvPnt7dGlja2V0c3xwZXJtYWxpbmt9fSAgWy93cHRfZXZlbnRzXQ==[\/vc_raw_html]","protected":false},"author":1,"featured_media":9069,"parent":0,"menu_order":0,"comment_status":"closed","ping_status":"closed","template":"","meta":{"_acf_changed":false,"footnotes":""},"class_list":["post-8306","page","type-page","status-publish","has-post-thumbnail","hentry"],"acf":[],"yoast_head":"<!-- This site is optimized with the Yoast SEO plugin v25.2 - https:\/\/yoast.com\/wordpress\/plugins\/seo\/ -->\n<title>Programme - T\u00falav\u00e9 divadlo<\/title>\n<meta name=\"robots\" content=\"index, follow, max-snippet:-1, max-image-preview:large, max-video-preview:-1\" \/>\n<link rel=\"canonical\" href=\"https:\/\/www.tulave.sk\/en\/programme\/\" \/>\n<meta property=\"og:locale\" content=\"en_US\" \/>\n<meta property=\"og:type\" content=\"article\" \/>\n<meta property=\"og:title\" content=\"Programme - T\u00falav\u00e9 divadlo\" \/>\n<meta property=\"og:url\" content=\"https:\/\/www.tulave.sk\/en\/programme\/\" \/>\n<meta property=\"og:site_name\" content=\"T\u00falav\u00e9 divadlo\" \/>\n<meta property=\"article:modified_time\" content=\"2021-03-15T13:04:39+00:00\" \/>\n<meta property=\"og:image\" content=\"https:\/\/www.tulave.sk\/wp-content\/uploads\/2022\/07\/kamdomesta_tulave-1024x478.png\" \/>\n\t<meta property=\"og:image:width\" content=\"1024\" \/>\n\t<meta property=\"og:image:height\" content=\"478\" \/>\n\t<meta property=\"og:image:type\" content=\"image\/png\" \/>\n<meta name=\"twitter:card\" content=\"summary_large_image\" \/>\n<meta name=\"twitter:label1\" content=\"Est. reading time\" \/>\n\t<meta name=\"twitter:data1\" content=\"1 minute\" \/>\n<script type=\"application\/ld+json\" class=\"yoast-schema-graph\">{\"@context\":\"https:\/\/schema.org\",\"@graph\":[{\"@type\":\"WebPage\",\"@id\":\"https:\/\/www.tulave.sk\/en\/programme\/\",\"url\":\"https:\/\/www.tulave.sk\/en\/programme\/\",\"name\":\"Programme - T\u00falav\u00e9 divadlo\",\"isPartOf\":{\"@id\":\"https:\/\/www.tulave.sk\/en\/#website\"},\"primaryImageOfPage\":{\"@id\":\"https:\/\/www.tulave.sk\/en\/programme\/#primaryimage\"},\"image\":{\"@id\":\"https:\/\/www.tulave.sk\/en\/programme\/#primaryimage\"},\"thumbnailUrl\":\"https:\/\/www.tulave.sk\/wp-content\/uploads\/2022\/07\/kamdomesta_tulave.png\",\"datePublished\":\"2021-03-15T13:04:38+00:00\",\"dateModified\":\"2021-03-15T13:04:39+00:00\",\"breadcrumb\":{\"@id\":\"https:\/\/www.tulave.sk\/en\/programme\/#breadcrumb\"},\"inLanguage\":\"en-US\",\"potentialAction\":[{\"@type\":\"ReadAction\",\"target\":[\"https:\/\/www.tulave.sk\/en\/programme\/\"]}]},{\"@type\":\"ImageObject\",\"inLanguage\":\"en-US\",\"@id\":\"https:\/\/www.tulave.sk\/en\/programme\/#primaryimage\",\"url\":\"https:\/\/www.tulave.sk\/wp-content\/uploads\/2022\/07\/kamdomesta_tulave.png\",\"contentUrl\":\"https:\/\/www.tulave.sk\/wp-content\/uploads\/2022\/07\/kamdomesta_tulave.png\",\"width\":6250,\"height\":2917},{\"@type\":\"BreadcrumbList\",\"@id\":\"https:\/\/www.tulave.sk\/en\/programme\/#breadcrumb\",\"itemListElement\":[{\"@type\":\"ListItem\",\"position\":1,\"name\":\"Home\",\"item\":\"https:\/\/www.tulave.sk\/en\/\"},{\"@type\":\"ListItem\",\"position\":2,\"name\":\"Programme\"}]},{\"@type\":\"WebSite\",\"@id\":\"https:\/\/www.tulave.sk\/en\/#website\",\"url\":\"https:\/\/www.tulave.sk\/en\/\",\"name\":\"T\u00falav\u00e9 divadlo\",\"description\":\"str\u00e1nka nez\u00e1visl\u00e9ho divadla\",\"potentialAction\":[{\"@type\":\"SearchAction\",\"target\":{\"@type\":\"EntryPoint\",\"urlTemplate\":\"https:\/\/www.tulave.sk\/en\/?s={search_term_string}\"},\"query-input\":{\"@type\":\"PropertyValueSpecification\",\"valueRequired\":true,\"valueName\":\"search_term_string\"}}],\"inLanguage\":\"en-US\"}]}<\/script>\n<!-- \/ Yoast SEO plugin. -->","yoast_head_json":{"title":"Programme - T\u00falav\u00e9 divadlo","robots":{"index":"index","follow":"follow","max-snippet":"max-snippet:-1","max-image-preview":"max-image-preview:large","max-video-preview":"max-video-preview:-1"},"canonical":"https:\/\/www.tulave.sk\/en\/programme\/","og_locale":"en_US","og_type":"article","og_title":"Programme - T\u00falav\u00e9 divadlo","og_url":"https:\/\/www.tulave.sk\/en\/programme\/","og_site_name":"T\u00falav\u00e9 divadlo","article_modified_time":"2021-03-15T13:04:39+00:00","og_image":[{"width":1024,"height":478,"url":"https:\/\/www.tulave.sk\/wp-content\/uploads\/2022\/07\/kamdomesta_tulave-1024x478.png","type":"image\/png"}],"twitter_card":"summary_large_image","twitter_misc":{"Est. reading time":"1 minute"},"schema":{"@context":"https:\/\/schema.org","@graph":[{"@type":"WebPage","@id":"https:\/\/www.tulave.sk\/en\/programme\/","url":"https:\/\/www.tulave.sk\/en\/programme\/","name":"Programme - T\u00falav\u00e9 divadlo","isPartOf":{"@id":"https:\/\/www.tulave.sk\/en\/#website"},"primaryImageOfPage":{"@id":"https:\/\/www.tulave.sk\/en\/programme\/#primaryimage"},"image":{"@id":"https:\/\/www.tulave.sk\/en\/programme\/#primaryimage"},"thumbnailUrl":"https:\/\/www.tulave.sk\/wp-content\/uploads\/2022\/07\/kamdomesta_tulave.png","datePublished":"2021-03-15T13:04:38+00:00","dateModified":"2021-03-15T13:04:39+00:00","breadcrumb":{"@id":"https:\/\/www.tulave.sk\/en\/programme\/#breadcrumb"},"inLanguage":"en-US","potentialAction":[{"@type":"ReadAction","target":["https:\/\/www.tulave.sk\/en\/programme\/"]}]},{"@type":"ImageObject","inLanguage":"en-US","@id":"https:\/\/www.tulave.sk\/en\/programme\/#primaryimage","url":"https:\/\/www.tulave.sk\/wp-content\/uploads\/2022\/07\/kamdomesta_tulave.png","contentUrl":"https:\/\/www.tulave.sk\/wp-content\/uploads\/2022\/07\/kamdomesta_tulave.png","width":6250,"height":2917},{"@type":"BreadcrumbList","@id":"https:\/\/www.tulave.sk\/en\/programme\/#breadcrumb","itemListElement":[{"@type":"ListItem","position":1,"name":"Home","item":"https:\/\/www.tulave.sk\/en\/"},{"@type":"ListItem","position":2,"name":"Programme"}]},{"@type":"WebSite","@id":"https:\/\/www.tulave.sk\/en\/#website","url":"https:\/\/www.tulave.sk\/en\/","name":"T\u00falav\u00e9 divadlo","description":"str\u00e1nka nez\u00e1visl\u00e9ho divadla","potentialAction":[{"@type":"SearchAction","target":{"@type":"EntryPoint","urlTemplate":"https:\/\/www.tulave.sk\/en\/?s={search_term_string}"},"query-input":{"@type":"PropertyValueSpecification","valueRequired":true,"valueName":"search_term_string"}}],"inLanguage":"en-US"}]}},"_links":{"self":[{"href":"https:\/\/www.tulave.sk\/en\/wp-json\/wp\/v2\/pages\/8306","targetHints":{"allow":["GET"]}}],"collection":[{"href":"https:\/\/www.tulave.sk\/en\/wp-json\/wp\/v2\/pages"}],"about":[{"href":"https:\/\/www.tulave.sk\/en\/wp-json\/wp\/v2\/types\/page"}],"author":[{"embeddable":true,"href":"https:\/\/www.tulave.sk\/en\/wp-json\/wp\/v2\/users\/1"}],"replies":[{"embeddable":true,"href":"https:\/\/www.tulave.sk\/en\/wp-json\/wp\/v2\/comments?post=8306"}],"version-history":[{"count":2,"href":"https:\/\/www.tulave.sk\/en\/wp-json\/wp\/v2\/pages\/8306\/revisions"}],"predecessor-version":[{"id":8308,"href":"https:\/\/www.tulave.sk\/en\/wp-json\/wp\/v2\/pages\/8306\/revisions\/8308"}],"wp:featuredmedia":[{"embeddable":true,"href":"https:\/\/www.tulave.sk\/en\/wp-json\/wp\/v2\/media\/9069"}],"wp:attachment":[{"href":"https:\/\/www.tulave.sk\/en\/wp-json\/wp\/v2\/media?parent=8306"}],"curies":[{"name":"wp","href":"https:\/\/api.w.org\/{rel}","templated":true}]}}