{"id":8309,"date":"2021-03-15T14:10:41","date_gmt":"2021-03-15T13:10:41","guid":{"rendered":"https:\/\/www.tulave.sk\/projects\/"},"modified":"2021-04-22T22:04:55","modified_gmt":"2021-04-22T20:04:55","slug":"projects","status":"publish","type":"page","link":"https:\/\/www.tulave.sk\/en\/projects\/","title":{"rendered":"Projects"},"content":{"rendered":"<section class=\"l-section wpb_row height_small color_alternate with_img parallax_hor bgwidth_110\"><div class=\"l-section-img\" role=\"img\" data-img-width=\"2296\" data-img-height=\"700\" style=\"background-image: url(https:\/\/www.tulave.sk\/wp-content\/uploads\/2021\/01\/TAPETA_05.jpg);\"><\/div><div class=\"l-section-overlay\" style=\"background:rgba(255,255,255,0.8)\"><\/div><div class=\"l-section-h i-cf\"><div class=\"g-cols vc_row via_flex valign_middle type_default stacking_default\"><div class=\"vc_col-sm-12 wpb_column vc_column_container\"><div class=\"vc_column-inner\"><div class=\"wpb_wrapper\"><h1 class=\"w-post-elm post_title us_custom_95ebd667 has_text_color align_center entry-title color_link_inherit\">Projects<\/h1><\/div><\/div><\/div><\/div><\/div><\/section><section class=\"l-section wpb_row height_auto color_primary type_sticky\"><div class=\"l-section-h i-cf\"><div class=\"g-cols vc_row via_flex valign_top type_default stacking_default\"><div class=\"vc_col-sm-12 wpb_column vc_column_container\"><div class=\"vc_column-inner\"><div class=\"wpb_wrapper\"><nav class=\"w-menu us_custom_eb849559 layout_hor style_blocks not_responsive us_menu_1\" style=\"--main-ver-indent:0.8em;--main-hor-indent:0.8em;--main-color:#ffffff;--main-hover-color:rgba(255,255,255,0.66);--main-active-color:rgba(255,255,255,0.66);\"><ul id=\"menu-bdn-english\" class=\"menu\"><li id=\"menu-item-8334\" class=\"menu-item menu-item-type-custom menu-item-object-custom menu-item-8334\"><a href=\"https:\/\/www.tulave.sk\/en\/projects\/#bdn\">Bratislava Theatre Nights<\/a><\/li><\/ul><\/nav><\/div><\/div><\/div><\/div><\/div><\/section><section class=\"l-section wpb_row height_custom\" id=\"bdn\"><div class=\"l-section-h i-cf\"><div class=\"g-cols vc_row via_flex valign_middle type_default stacking_default\"><div class=\"vc_col-sm-12 wpb_column vc_column_container us_animate_afl\"><div class=\"vc_column-inner\"><div class=\"wpb_wrapper\"><div class=\"g-cols wpb_row via_flex valign_top type_default stacking_default\"><div class=\"vc_col-sm-12 wpb_column vc_column_container\"><div class=\"vc_column-inner\"><div class=\"wpb_wrapper\"><div class=\"wpb_text_column\"><div class=\"wpb_wrapper\"><p style=\"text-align: justify;\"><em>Bratislava Theatre Nights<\/em> is a summer project which offers space for the young artists in performing arts and inspires to original productions that bring the theme of Bratislava and its cultural heritage to life.The home stage of this open-air festival is the forecourt of the Old Bratislava Townhall.<\/p>\n<p>Thanks to this project T\u00falav\u00e9 divadlo has introduced three premieres \u2013 \u00a0<a href=\"https:\/\/www.tulave.sk\/en\/don-quijote\/\" target=\"_blank\" rel=\"noopener noreferrer\">D<\/a><a href=\"http:\/\/www.tulave.sk\/repertoar\/don-quijote\/\" target=\"_blank\" rel=\"noopener noreferrer\">on<\/a><a href=\"http:\/\/www.tulave.sk\/repertoar\/don-quijote\/\" target=\"_blank\" rel=\"noopener noreferrer\"> Quijote <\/a>(2019),\u00a0<a href=\"https:\/\/www.tulave.sk\/en\/one-more-miracle\/\" target=\"_blank\" rel=\"noopener noreferrer\">One More Miracle <\/a>(2019), and <a href=\"https:\/\/www.tulave.sk\/en\/plagues-and-disgusts\/\" target=\"_blank\" rel=\"noopener noreferrer\">Pliagues and Disgusts <\/a>(2020).<\/p>\n<\/div><\/div><div class=\"w-separator size_small\"><\/div><div class=\"w-btn-wrapper align_none\"><a class=\"w-btn us-btn-style_1 us_custom_1f257949 icon_atright\" href=\"https:\/\/www.facebook.com\/bratislavskedivadelnenoci.sk\"><span class=\"w-btn-label\">more info on FB<\/span><i class=\"fas fa-angle-right\"><\/i><\/a><\/div><\/div><\/div><\/div><\/div><div class=\"w-separator size_small\"><\/div><\/div><\/div><\/div><\/div><\/div><\/section><section class=\"l-section wpb_row height_auto width_full\"><div class=\"l-section-h i-cf\"><div class=\"g-cols vc_row via_flex valign_top type_default stacking_default\"><div class=\"vc_col-sm-12 wpb_column vc_column_container\"><div class=\"vc_column-inner\"><div class=\"wpb_wrapper\"><div class=\"w-grid type_grid layout_gallery_default cols_3\" id=\"us_grid_1\" style=\"--columns:3;--gap:2px;\" data-filterable=\"true\"><style>@media (max-width:1024px){#us_grid_1{--columns:2!important}}@media (max-width:600px){#us_grid_1{--columns:1!important}}.layout_gallery_default .w-grid-item-h{}<\/style><div class=\"w-grid-list\">\t<article class=\"w-grid-item size_1x1 post-8112 attachment type-attachment status-inherit hentry\" data-id=\"8112\">\r\n\t\t<div class=\"w-grid-item-h\">\r\n\t\t\t\t\t\t<div class=\"w-post-elm post_image usg_post_image_1 stretched\"><img loading=\"lazy\" decoding=\"async\" width=\"1024\" height=\"671\" src=\"https:\/\/www.tulave.sk\/wp-content\/uploads\/2021\/01\/Bratislavske_divadelne_noci_1-3-1024x671.jpg\" class=\"attachment-large size-large\" alt=\"\" srcset=\"https:\/\/www.tulave.sk\/wp-content\/uploads\/2021\/01\/Bratislavske_divadelne_noci_1-3-1024x671.jpg 1024w, https:\/\/www.tulave.sk\/wp-content\/uploads\/2021\/01\/Bratislavske_divadelne_noci_1-3-300x197.jpg 300w, https:\/\/www.tulave.sk\/wp-content\/uploads\/2021\/01\/Bratislavske_divadelne_noci_1-3-1536x1006.jpg 1536w, https:\/\/www.tulave.sk\/wp-content\/uploads\/2021\/01\/Bratislavske_divadelne_noci_1-3.jpg 1560w\" sizes=\"auto, (max-width: 1024px) 100vw, 1024px\" \/><\/div>\t\t<\/div>\r\n\t\t\t<\/article>\r\n\t<article class=\"w-grid-item size_1x1 post-8111 attachment type-attachment status-inherit hentry\" data-id=\"8111\">\r\n\t\t<div class=\"w-grid-item-h\">\r\n\t\t\t\t\t\t<div class=\"w-post-elm post_image usg_post_image_1 stretched\"><img loading=\"lazy\" decoding=\"async\" width=\"1024\" height=\"671\" src=\"https:\/\/www.tulave.sk\/wp-content\/uploads\/2021\/01\/Bratislavske_divadelne_noci_1-2-1024x671.jpg\" class=\"attachment-large size-large\" alt=\"\" srcset=\"https:\/\/www.tulave.sk\/wp-content\/uploads\/2021\/01\/Bratislavske_divadelne_noci_1-2-1024x671.jpg 1024w, https:\/\/www.tulave.sk\/wp-content\/uploads\/2021\/01\/Bratislavske_divadelne_noci_1-2-300x197.jpg 300w, https:\/\/www.tulave.sk\/wp-content\/uploads\/2021\/01\/Bratislavske_divadelne_noci_1-2-1536x1006.jpg 1536w, https:\/\/www.tulave.sk\/wp-content\/uploads\/2021\/01\/Bratislavske_divadelne_noci_1-2.jpg 1560w\" sizes=\"auto, (max-width: 1024px) 100vw, 1024px\" \/><\/div>\t\t<\/div>\r\n\t\t\t<\/article>\r\n\t<article class=\"w-grid-item size_1x1 post-8110 attachment type-attachment status-inherit hentry\" data-id=\"8110\">\r\n\t\t<div class=\"w-grid-item-h\">\r\n\t\t\t\t\t\t<div class=\"w-post-elm post_image usg_post_image_1 stretched\"><img loading=\"lazy\" decoding=\"async\" width=\"1024\" height=\"671\" src=\"https:\/\/www.tulave.sk\/wp-content\/uploads\/2021\/01\/Bratislavske_divadelne_noci1-1024x671.jpg\" class=\"attachment-large size-large\" alt=\"\" srcset=\"https:\/\/www.tulave.sk\/wp-content\/uploads\/2021\/01\/Bratislavske_divadelne_noci1-1024x671.jpg 1024w, https:\/\/www.tulave.sk\/wp-content\/uploads\/2021\/01\/Bratislavske_divadelne_noci1-300x197.jpg 300w, https:\/\/www.tulave.sk\/wp-content\/uploads\/2021\/01\/Bratislavske_divadelne_noci1-1536x1006.jpg 1536w, https:\/\/www.tulave.sk\/wp-content\/uploads\/2021\/01\/Bratislavske_divadelne_noci1.jpg 1560w\" sizes=\"auto, (max-width: 1024px) 100vw, 1024px\" \/><\/div>\t\t<\/div>\r\n\t\t\t<\/article>\r\n\t<article class=\"w-grid-item size_1x1 post-8115 attachment type-attachment status-inherit hentry\" data-id=\"8115\">\r\n\t\t<div class=\"w-grid-item-h\">\r\n\t\t\t\t\t\t<div class=\"w-post-elm post_image usg_post_image_1 stretched\"><img loading=\"lazy\" decoding=\"async\" width=\"1024\" height=\"671\" src=\"https:\/\/www.tulave.sk\/wp-content\/uploads\/2021\/01\/Bratislavske_divadelne_noci_1-6-1024x671.jpg\" class=\"attachment-large size-large\" alt=\"\" srcset=\"https:\/\/www.tulave.sk\/wp-content\/uploads\/2021\/01\/Bratislavske_divadelne_noci_1-6-1024x671.jpg 1024w, https:\/\/www.tulave.sk\/wp-content\/uploads\/2021\/01\/Bratislavske_divadelne_noci_1-6-300x197.jpg 300w, https:\/\/www.tulave.sk\/wp-content\/uploads\/2021\/01\/Bratislavske_divadelne_noci_1-6-1536x1006.jpg 1536w, https:\/\/www.tulave.sk\/wp-content\/uploads\/2021\/01\/Bratislavske_divadelne_noci_1-6.jpg 1560w\" sizes=\"auto, (max-width: 1024px) 100vw, 1024px\" \/><\/div>\t\t<\/div>\r\n\t\t\t<\/article>\r\n\t<article class=\"w-grid-item size_1x1 post-8114 attachment type-attachment status-inherit hentry\" data-id=\"8114\">\r\n\t\t<div class=\"w-grid-item-h\">\r\n\t\t\t\t\t\t<div class=\"w-post-elm post_image usg_post_image_1 stretched\"><img loading=\"lazy\" decoding=\"async\" width=\"1024\" height=\"671\" src=\"https:\/\/www.tulave.sk\/wp-content\/uploads\/2021\/01\/Bratislavske_divadelne_noci_1-5-1024x671.jpg\" class=\"attachment-large size-large\" alt=\"\" srcset=\"https:\/\/www.tulave.sk\/wp-content\/uploads\/2021\/01\/Bratislavske_divadelne_noci_1-5-1024x671.jpg 1024w, https:\/\/www.tulave.sk\/wp-content\/uploads\/2021\/01\/Bratislavske_divadelne_noci_1-5-300x197.jpg 300w, https:\/\/www.tulave.sk\/wp-content\/uploads\/2021\/01\/Bratislavske_divadelne_noci_1-5-1536x1006.jpg 1536w, https:\/\/www.tulave.sk\/wp-content\/uploads\/2021\/01\/Bratislavske_divadelne_noci_1-5.jpg 1560w\" sizes=\"auto, (max-width: 1024px) 100vw, 1024px\" \/><\/div>\t\t<\/div>\r\n\t\t\t<\/article>\r\n\t<article class=\"w-grid-item size_1x1 post-8113 attachment type-attachment status-inherit hentry\" data-id=\"8113\">\r\n\t\t<div class=\"w-grid-item-h\">\r\n\t\t\t\t\t\t<div class=\"w-post-elm post_image usg_post_image_1 stretched\"><img loading=\"lazy\" decoding=\"async\" width=\"1024\" height=\"671\" src=\"https:\/\/www.tulave.sk\/wp-content\/uploads\/2021\/01\/Bratislavske_divadelne_noci_1-4-1024x671.jpg\" class=\"attachment-large size-large\" alt=\"\" srcset=\"https:\/\/www.tulave.sk\/wp-content\/uploads\/2021\/01\/Bratislavske_divadelne_noci_1-4-1024x671.jpg 1024w, https:\/\/www.tulave.sk\/wp-content\/uploads\/2021\/01\/Bratislavske_divadelne_noci_1-4-300x197.jpg 300w, https:\/\/www.tulave.sk\/wp-content\/uploads\/2021\/01\/Bratislavske_divadelne_noci_1-4-1536x1006.jpg 1536w, https:\/\/www.tulave.sk\/wp-content\/uploads\/2021\/01\/Bratislavske_divadelne_noci_1-4.jpg 1560w\" sizes=\"auto, (max-width: 1024px) 100vw, 1024px\" \/><\/div>\t\t<\/div>\r\n\t\t\t<\/article>\r\n<\/div><div class=\"w-grid-preloader\">\t<div class=\"g-preloader type_1\">\r\n\t\t<div><\/div>\r\n\t<\/div>\r\n\t<\/div>\t<div class=\"w-grid-json hidden\" onclick='return {&quot;action&quot;:&quot;us_ajax_grid&quot;,&quot;infinite_scroll&quot;:0,&quot;max_num_pages&quot;:1,&quot;pagination&quot;:&quot;none&quot;,&quot;template_vars&quot;:{&quot;columns&quot;:&quot;3&quot;,&quot;exclude_items&quot;:&quot;none&quot;,&quot;img_size&quot;:&quot;default&quot;,&quot;ignore_items_size&quot;:0,&quot;items_layout&quot;:&quot;gallery_default&quot;,&quot;items_offset&quot;:&quot;1&quot;,&quot;load_animation&quot;:&quot;none&quot;,&quot;overriding_link&quot;:&quot;{\\&quot;url\\&quot;:\\&quot;\\&quot;}&quot;,&quot;post_id&quot;:0,&quot;query_args&quot;:{&quot;post_type&quot;:[&quot;attachment&quot;],&quot;post__in&quot;:[&quot;7007&quot;,&quot;7006&quot;,&quot;7005&quot;,&quot;7010&quot;,&quot;7009&quot;,&quot;7008&quot;],&quot;post_status&quot;:&quot;inherit&quot;,&quot;post_mime_type&quot;:&quot;image&quot;,&quot;posts_per_page&quot;:&quot;6&quot;},&quot;orderby_query_args&quot;:{&quot;orderby&quot;:{&quot;post__in&quot;:&quot;ASC&quot;},&quot;order&quot;:&quot;ASC&quot;},&quot;type&quot;:&quot;grid&quot;,&quot;us_grid_post_type&quot;:&quot;attachment&quot;,&quot;us_grid_ajax_index&quot;:1,&quot;us_grid_filter_query_string&quot;:null,&quot;us_grid_index&quot;:1,&quot;page_args&quot;:[],&quot;lang&quot;:&quot;en&quot;}}'><\/div>\r\n\t<\/div><\/div><\/div><\/div><\/div><\/div><\/section>\n","protected":false},"excerpt":{"rendered":"","protected":false},"author":1,"featured_media":9069,"parent":0,"menu_order":0,"comment_status":"closed","ping_status":"closed","template":"","meta":{"_acf_changed":false,"footnotes":""},"class_list":["post-8309","page","type-page","status-publish","has-post-thumbnail","hentry"],"acf":[],"yoast_head":"<!-- This site is optimized with the Yoast SEO plugin v25.2 - https:\/\/yoast.com\/wordpress\/plugins\/seo\/ -->\n<title>Projects - T\u00falav\u00e9 divadlo<\/title>\n<meta name=\"robots\" content=\"index, follow, max-snippet:-1, max-image-preview:large, max-video-preview:-1\" \/>\n<link rel=\"canonical\" href=\"https:\/\/www.tulave.sk\/en\/projects\/\" \/>\n<meta property=\"og:locale\" content=\"en_US\" \/>\n<meta property=\"og:type\" content=\"article\" \/>\n<meta property=\"og:title\" content=\"Projects - T\u00falav\u00e9 divadlo\" \/>\n<meta property=\"og:url\" content=\"https:\/\/www.tulave.sk\/en\/projects\/\" \/>\n<meta property=\"og:site_name\" content=\"T\u00falav\u00e9 divadlo\" \/>\n<meta property=\"article:modified_time\" content=\"2021-04-22T20:04:55+00:00\" \/>\n<meta property=\"og:image\" content=\"https:\/\/www.tulave.sk\/wp-content\/uploads\/2022\/07\/kamdomesta_tulave-1024x478.png\" \/>\n\t<meta property=\"og:image:width\" content=\"1024\" \/>\n\t<meta property=\"og:image:height\" content=\"478\" \/>\n\t<meta property=\"og:image:type\" content=\"image\/png\" \/>\n<meta name=\"twitter:card\" content=\"summary_large_image\" \/>\n<meta name=\"twitter:label1\" content=\"Est. reading time\" \/>\n\t<meta name=\"twitter:data1\" content=\"1 minute\" \/>\n<script type=\"application\/ld+json\" class=\"yoast-schema-graph\">{\"@context\":\"https:\/\/schema.org\",\"@graph\":[{\"@type\":\"WebPage\",\"@id\":\"https:\/\/www.tulave.sk\/en\/projects\/\",\"url\":\"https:\/\/www.tulave.sk\/en\/projects\/\",\"name\":\"Projects - T\u00falav\u00e9 divadlo\",\"isPartOf\":{\"@id\":\"https:\/\/www.tulave.sk\/en\/#website\"},\"primaryImageOfPage\":{\"@id\":\"https:\/\/www.tulave.sk\/en\/projects\/#primaryimage\"},\"image\":{\"@id\":\"https:\/\/www.tulave.sk\/en\/projects\/#primaryimage\"},\"thumbnailUrl\":\"https:\/\/www.tulave.sk\/wp-content\/uploads\/2022\/07\/kamdomesta_tulave.png\",\"datePublished\":\"2021-03-15T13:10:41+00:00\",\"dateModified\":\"2021-04-22T20:04:55+00:00\",\"breadcrumb\":{\"@id\":\"https:\/\/www.tulave.sk\/en\/projects\/#breadcrumb\"},\"inLanguage\":\"en-US\",\"potentialAction\":[{\"@type\":\"ReadAction\",\"target\":[\"https:\/\/www.tulave.sk\/en\/projects\/\"]}]},{\"@type\":\"ImageObject\",\"inLanguage\":\"en-US\",\"@id\":\"https:\/\/www.tulave.sk\/en\/projects\/#primaryimage\",\"url\":\"https:\/\/www.tulave.sk\/wp-content\/uploads\/2022\/07\/kamdomesta_tulave.png\",\"contentUrl\":\"https:\/\/www.tulave.sk\/wp-content\/uploads\/2022\/07\/kamdomesta_tulave.png\",\"width\":6250,\"height\":2917},{\"@type\":\"BreadcrumbList\",\"@id\":\"https:\/\/www.tulave.sk\/en\/projects\/#breadcrumb\",\"itemListElement\":[{\"@type\":\"ListItem\",\"position\":1,\"name\":\"Home\",\"item\":\"https:\/\/www.tulave.sk\/en\/\"},{\"@type\":\"ListItem\",\"position\":2,\"name\":\"Projects\"}]},{\"@type\":\"WebSite\",\"@id\":\"https:\/\/www.tulave.sk\/en\/#website\",\"url\":\"https:\/\/www.tulave.sk\/en\/\",\"name\":\"T\u00falav\u00e9 divadlo\",\"description\":\"str\u00e1nka nez\u00e1visl\u00e9ho divadla\",\"potentialAction\":[{\"@type\":\"SearchAction\",\"target\":{\"@type\":\"EntryPoint\",\"urlTemplate\":\"https:\/\/www.tulave.sk\/en\/?s={search_term_string}\"},\"query-input\":{\"@type\":\"PropertyValueSpecification\",\"valueRequired\":true,\"valueName\":\"search_term_string\"}}],\"inLanguage\":\"en-US\"}]}<\/script>\n<!-- \/ Yoast SEO plugin. -->","yoast_head_json":{"title":"Projects - T\u00falav\u00e9 divadlo","robots":{"index":"index","follow":"follow","max-snippet":"max-snippet:-1","max-image-preview":"max-image-preview:large","max-video-preview":"max-video-preview:-1"},"canonical":"https:\/\/www.tulave.sk\/en\/projects\/","og_locale":"en_US","og_type":"article","og_title":"Projects - T\u00falav\u00e9 divadlo","og_url":"https:\/\/www.tulave.sk\/en\/projects\/","og_site_name":"T\u00falav\u00e9 divadlo","article_modified_time":"2021-04-22T20:04:55+00:00","og_image":[{"width":1024,"height":478,"url":"https:\/\/www.tulave.sk\/wp-content\/uploads\/2022\/07\/kamdomesta_tulave-1024x478.png","type":"image\/png"}],"twitter_card":"summary_large_image","twitter_misc":{"Est. reading time":"1 minute"},"schema":{"@context":"https:\/\/schema.org","@graph":[{"@type":"WebPage","@id":"https:\/\/www.tulave.sk\/en\/projects\/","url":"https:\/\/www.tulave.sk\/en\/projects\/","name":"Projects - T\u00falav\u00e9 divadlo","isPartOf":{"@id":"https:\/\/www.tulave.sk\/en\/#website"},"primaryImageOfPage":{"@id":"https:\/\/www.tulave.sk\/en\/projects\/#primaryimage"},"image":{"@id":"https:\/\/www.tulave.sk\/en\/projects\/#primaryimage"},"thumbnailUrl":"https:\/\/www.tulave.sk\/wp-content\/uploads\/2022\/07\/kamdomesta_tulave.png","datePublished":"2021-03-15T13:10:41+00:00","dateModified":"2021-04-22T20:04:55+00:00","breadcrumb":{"@id":"https:\/\/www.tulave.sk\/en\/projects\/#breadcrumb"},"inLanguage":"en-US","potentialAction":[{"@type":"ReadAction","target":["https:\/\/www.tulave.sk\/en\/projects\/"]}]},{"@type":"ImageObject","inLanguage":"en-US","@id":"https:\/\/www.tulave.sk\/en\/projects\/#primaryimage","url":"https:\/\/www.tulave.sk\/wp-content\/uploads\/2022\/07\/kamdomesta_tulave.png","contentUrl":"https:\/\/www.tulave.sk\/wp-content\/uploads\/2022\/07\/kamdomesta_tulave.png","width":6250,"height":2917},{"@type":"BreadcrumbList","@id":"https:\/\/www.tulave.sk\/en\/projects\/#breadcrumb","itemListElement":[{"@type":"ListItem","position":1,"name":"Home","item":"https:\/\/www.tulave.sk\/en\/"},{"@type":"ListItem","position":2,"name":"Projects"}]},{"@type":"WebSite","@id":"https:\/\/www.tulave.sk\/en\/#website","url":"https:\/\/www.tulave.sk\/en\/","name":"T\u00falav\u00e9 divadlo","description":"str\u00e1nka nez\u00e1visl\u00e9ho divadla","potentialAction":[{"@type":"SearchAction","target":{"@type":"EntryPoint","urlTemplate":"https:\/\/www.tulave.sk\/en\/?s={search_term_string}"},"query-input":{"@type":"PropertyValueSpecification","valueRequired":true,"valueName":"search_term_string"}}],"inLanguage":"en-US"}]}},"_links":{"self":[{"href":"https:\/\/www.tulave.sk\/en\/wp-json\/wp\/v2\/pages\/8309","targetHints":{"allow":["GET"]}}],"collection":[{"href":"https:\/\/www.tulave.sk\/en\/wp-json\/wp\/v2\/pages"}],"about":[{"href":"https:\/\/www.tulave.sk\/en\/wp-json\/wp\/v2\/types\/page"}],"author":[{"embeddable":true,"href":"https:\/\/www.tulave.sk\/en\/wp-json\/wp\/v2\/users\/1"}],"replies":[{"embeddable":true,"href":"https:\/\/www.tulave.sk\/en\/wp-json\/wp\/v2\/comments?post=8309"}],"version-history":[{"count":3,"href":"https:\/\/www.tulave.sk\/en\/wp-json\/wp\/v2\/pages\/8309\/revisions"}],"predecessor-version":[{"id":8454,"href":"https:\/\/www.tulave.sk\/en\/wp-json\/wp\/v2\/pages\/8309\/revisions\/8454"}],"wp:featuredmedia":[{"embeddable":true,"href":"https:\/\/www.tulave.sk\/en\/wp-json\/wp\/v2\/media\/9069"}],"wp:attachment":[{"href":"https:\/\/www.tulave.sk\/en\/wp-json\/wp\/v2\/media?parent=8309"}],"curies":[{"name":"wp","href":"https:\/\/api.w.org\/{rel}","templated":true}]}}